{"id":4762,"date":"2023-10-19T08:18:11","date_gmt":"2023-10-19T08:18:11","guid":{"rendered":"https:\/\/www.masrosset.com\/?page_id=4762"},"modified":"2023-10-19T08:24:07","modified_gmt":"2023-10-19T08:24:07","slug":"llocs-dinteres","status":"publish","type":"page","link":"https:\/\/www.masrosset.com\/es\/llocs-dinteres\/","title":{"rendered":"Lugares de inter\u00e9s"},"content":{"rendered":"<div class=\"wpb-content-wrapper\"><p>[vc_row css=&#8221;.vc_custom_1497533019880{border-top-width: -10px !important;}&#8221;][vc_column offset=&#8221;vc_hidden-lg vc_hidden-md&#8221;][vc_empty_space height=&#8221;5px&#8221;][\/vc_column][\/vc_row][vc_row fullwidth=&#8221;yes&#8221; css=&#8221;.vc_custom_1497532926515{margin-top: -40px !important;background-position: 0 0 !important;background-repeat: no-repeat !important;}&#8221; el_class=&#8221;side-bg no-padding&#8221;][vc_column]\t<div class=\"side-bg\">\n\t\t<div class=\"image-container pull-left col-md-6\" style=\"background-image:url(https:\/\/www.masrosset.com\/wp-content\/uploads\/2015\/07\/girona1.jpg); ?>\" data-delay=\"0\"><\/div>\n\n        <div class=\"container\">\n            <div class=\"row\">\n                <div class=\"inner-padding\">\n                    <div class=\"col-md-5 col-md-offset-7 wow fadeInRight\" data-wow-delay=\".2s\">\n                        <h2>Girona<\/h2><br\/>\n                        <\/p>\n<p style=\"text-align: justify;\"><em>(A 10 minutos)<\/em><\/p>\n<p style=\"color: #ecc364; text-align: justify;\"><strong>Gerona es la capital de la provincia y comarca del Girones. La ciudad tiene cerca de 104.000 habitantes y una extensi\u00f3n de 39,1 km2. Su casco antiguo cuenta con numerosos monumentos \u00fanicos en el continente que conservan grandes riquezas art\u00edsticas. <\/strong><\/p>\n<p style=\"text-align: justify;\">Gerona ofrece m\u00faltiples propuestas para hacer y visitar, tanto ofertas culturales, como de festivales, restaurantes, etc. Algunos de los lugares mas destacados son La For\u00e7a Vella, fortaleza casi triangular que levantaron los rumanos, La Catedral de Girona, el Barrio jud\u00edo, los ba\u00f1os \u00c1rabes, las murallas o la Rambla de la Libertad. Adem\u00e1s, Gerona cuenta con m\u00faltiples restaurante que te dan la oportunidad de vivir una experiencia gastron\u00f3mica mediterr\u00e1nea y \u00fanica.<\/p>\n<p>                    <\/div>\n                    <div class=\"clearfix\"><\/div>\n                <\/div>\n            <\/div>\n        <\/div>\n\t<\/div>\n\n[\/vc_column][\/vc_row][vc_row fullwidth=&#8221;yes&#8221; css=&#8221;.vc_custom_1474447018555{background-position: 0 0 !important;background-repeat: no-repeat !important;}&#8221; el_class=&#8221;side-bg no-padding&#8221;][vc_column]\t<div class=\"side-bg\">\n\t\t<div class=\"image-container pull-right right0 col-md-6 col-md-offset-6\" style=\"background-image:url(https:\/\/www.masrosset.com\/wp-content\/uploads\/2015\/07\/costabrava1.jpg); ?>\" data-delay=\"0\"><\/div>\n\n        <div class=\"container\">\n            <div class=\"row\">\n                <div class=\"inner-padding\">\n                    <div class=\"col-md-5 wow fadeInRight\" data-wow-delay=\".2s\">\n                        <h2>Costa Brava<\/h2><br\/>\n                        <\/p>\n<p style=\"text-align: justify;\"><em>(A 30 minutos)<\/em><\/p>\n<p style=\"color: #ecc364; text-align: justify;\"><strong>La Costa Brava es el nombre que se la da a la zona costera de Gerona. Esta empieza en la frontera con Francia (en el pueblo de Portbou) hasta Sa Palomera (poblaci\u00f3n de Blanes). La Costa Brava cuenta con 200 km de longitud i incluye tres comarcas: la Selva, el Baix Empord\u00e0 i l\u2019Alt Empord\u00e0.<\/strong><\/p>\n<p style=\"text-align: justify;\">El mayor atractivo de la Costa Brava se encuentra en que muchos de sus espacios aun conservan su paisaje original i no est\u00e1n contaminados por la urbanizaci\u00f3n. Este hecho hace que esta zona cuente con algunas de las playas y calas m\u00e1s bonitas del Mediterr\u00e1neo, parques naturales y peque\u00f1as poblaciones de pescadores, con monasterios e iglesias rom\u00e1nicas. Un lugar que ofrece la oportunidad de visitarlo de diferentes maneras; caminando, montando en BTT, en coche, tren o barco.<\/p>\n<p>                    <\/div>\n                    <div class=\"clearfix\"><\/div>\n                <\/div>\n            <\/div>\n        <\/div>\n\t<\/div>\n\n[\/vc_column][\/vc_row][vc_row fullwidth=&#8221;yes&#8221; css=&#8221;.vc_custom_1474447018555{background-position: 0 0 !important;background-repeat: no-repeat !important;}&#8221; el_class=&#8221;side-bg no-padding&#8221;][vc_column]\t<div class=\"side-bg\">\n\t\t<div class=\"image-container pull-left col-md-6\" style=\"background-image:url(https:\/\/www.masrosset.com\/wp-content\/uploads\/2015\/07\/pirineus.jpg); ?>\" data-delay=\"0\"><\/div>\n\n        <div class=\"container\">\n            <div class=\"row\">\n                <div class=\"inner-padding\">\n                    <div class=\"col-md-5 col-md-offset-7 wow fadeInRight\" data-wow-delay=\".2s\">\n                        <h2>Pirineos<\/h2><br\/>\n                        <\/p>\n<p style=\"text-align: justify;\"><em>(A 30 minutos)<\/em><\/p>\n<p style=\"color: #ecc364; text-align: justify;\"><strong>Los Pirineos son una cordillera monta\u00f1osa de 415 km que se encuentra entre Espa\u00f1a, Francia y Andorra. Encontramos en los Pirineos picos de m\u00e1s de 3.000 metros de altitud, como el Aneto (3.404 m) y la Pica d\u2019Estats (3.143 m).\u201d<\/strong><\/p>\n<p style=\"text-align: justify;\">Las monta\u00f1as de los Pirineos cuentan con una rica fauna y flora caracter\u00edsticas del clima mediterr\u00e1neo. Los pirineos forman un gran patrimonio natural con abundantes senderos y paisajes de inmensa belleza, adem\u00e1s de numerosos castillos, museos y refugios con milenaria historia. En los Pirineos encontramos el Parque Natural Regional de los Pirineos Catalanes, que cuenta con 7 Reservas Naturales, 12 estaciones esqu\u00ed i 2 balnearios.<\/p>\n<p>                    <\/div>\n                    <div class=\"clearfix\"><\/div>\n                <\/div>\n            <\/div>\n        <\/div>\n\t<\/div>\n\n[\/vc_column][\/vc_row][vc_row fullwidth=&#8221;yes&#8221; css=&#8221;.vc_custom_1474447018555{background-position: 0 0 !important;background-repeat: no-repeat !important;}&#8221; el_class=&#8221;side-bg no-padding&#8221;][vc_column]\t<div class=\"side-bg\">\n\t\t<div class=\"image-container pull-right right0 col-md-6 col-md-offset-6\" style=\"background-image:url(https:\/\/www.masrosset.com\/wp-content\/uploads\/2015\/07\/banoles.jpg); ?>\" data-delay=\"0\"><\/div>\n\n        <div class=\"container\">\n            <div class=\"row\">\n                <div class=\"inner-padding\">\n                    <div class=\"col-md-5 wow fadeInRight\" data-wow-delay=\".2s\">\n                        <h2>Lago de Banyoles<\/h2><br\/>\n                        <\/p>\n<p style=\"text-align: justify;\"><em>(A 5 minutos)<\/em><\/p>\n<p style=\"color: #ecc364; text-align: justify;\"><strong>El lago\u00a0de Banyoles es el estanque natural m\u00e1s grande de Catalunya. Este esta situado en la ciudad de Banyoles, capital de la comarca Pla de l\u2019Estany.<\/strong><\/p>\n<p style=\"text-align: justify;\">El lago\u00a0de Banyoles mide aproximadamente 2,150 metros de largo y 775 metros de ancho, y su profundidad m\u00e1xima es de 65 metros. El lago es el principal atractivo de la zona y cuenta con una gran oferta de actividades deportivas y de ocio. El lago de Banyoles, ofrece la posibilidad de dar la vuelta completa al estanque y disfrutar as\u00ed de su riqueza natural y sus miradores. El recorrido de muy llano y de una dificultad baja para que pueda disfrutarlo toda la familia.<\/p>\n<p>                    <\/div>\n                    <div class=\"clearfix\"><\/div>\n                <\/div>\n            <\/div>\n        <\/div>\n\t<\/div>\n\n[\/vc_column][\/vc_row][vc_row fullwidth=&#8221;yes&#8221; css=&#8221;.vc_custom_1474447018555{background-position: 0 0 !important;background-repeat: no-repeat !important;}&#8221; el_class=&#8221;side-bg no-padding&#8221;][vc_column]\t<div class=\"side-bg\">\n\t\t<div class=\"image-container pull-left col-md-6\" style=\"background-image:url(https:\/\/www.masrosset.com\/wp-content\/uploads\/2015\/07\/bcn1.jpg); ?>\" data-delay=\"0\"><\/div>\n\n        <div class=\"container\">\n            <div class=\"row\">\n                <div class=\"inner-padding\">\n                    <div class=\"col-md-5 col-md-offset-7 wow fadeInRight\" data-wow-delay=\".2s\">\n                        <h2>Barcelona<\/h2><br\/>\n                        <\/p>\n<p style=\"text-align: justify;\"><em>(A 1 hora)<\/em><\/p>\n<p style=\"color: #ecc364; text-align: justify;\"><strong>Barcelona es la ciudad m\u00e1s famosa y la capital de Catalunya. Tiene una poblaci\u00f3n casi de 1,640,000 habitantes y una extensi\u00f3n de 102,15 km2. Es reconocida como una ciudad global gracias a su importante cultura, comercios y turismo. Esta muy bien comunicada y es una importante conexi\u00f3n entre Espa\u00f1a y Francia, adem\u00e1s de que tiene uno de los puertos mas importantes del Mediterr\u00e1neo.<\/strong><\/p>\n<p style=\"text-align: justify;\">Barcelona ofrece al visitante ver todo tipo de monumentos, calles y arte, a la vez que descubrir el modernismo catal\u00e1n. Destacan su centro hist\u00f3rico y Las Ramblas, el legado de Antonio Gaud\u00ed (Parque G\u00fcell, Sagrada Familia, etc.), que forman parte del Patrimonio de la Humanidad, La monumental de Barcelona y el campo de futbol del Baracelona.<\/p>\n<p>                    <\/div>\n                    <div class=\"clearfix\"><\/div>\n                <\/div>\n            <\/div>\n        <\/div>\n\t<\/div>\n\n[\/vc_column][\/vc_row][vc_row fullwidth=&#8221;yes&#8221; css=&#8221;.vc_custom_1474447018555{background-position: 0 0 !important;background-repeat: no-repeat !important;}&#8221; el_class=&#8221;side-bg no-padding&#8221;][vc_column]\t<div class=\"side-bg\">\n\t\t<div class=\"image-container pull-right right0 col-md-6 col-md-offset-6\" style=\"background-image:url(https:\/\/www.masrosset.com\/wp-content\/uploads\/2015\/07\/besalu1.jpg); ?>\" data-delay=\"0\"><\/div>\n\n        <div class=\"container\">\n            <div class=\"row\">\n                <div class=\"inner-padding\">\n                    <div class=\"col-md-5 wow fadeInRight\" data-wow-delay=\".2s\">\n                        <h2>Besal\u00fa<\/h2><br\/>\n                        <\/p>\n<p style=\"text-align: justify;\"><em>(A 15 minutos)<\/em><\/p>\n<p style=\"color: #ecc364; text-align: justify;\"><strong>Besal\u00fa es un pueblo medieval que data del siglo XI. La poblaci\u00f3n se encuentra en la comarca de la Garrotxa, en la provincia de Gerona y tiene una extensi\u00f3n de 4,92 km2. El principal atractivo del sitio es la arquitectura medieval y el puente de Besal\u00fa, un puente rom\u00e1nico cruzado por el r\u00edo Fluvi\u00e0. <\/strong><\/p>\n<p style=\"text-align: justify;\">El pueblo cuenta con todo lo necesario para enamorar\u00a0a quien lo visite: arte, cultura, buena comida, historia y encanto. Un pueblo que se encuentra lo suficientemente apartado para disfrutar de la tranquilidad que ofrece pero a la vez suficientemente cerca de ciudades como Olot, Gerona o Banyoles. Gracias que el pueblo ha restaurado el gran puente, considerado un Bien Cultural de Inter\u00e9s Nacional, y las \u00e1reas jud\u00edas, caminar por Besal\u00fa se convierte en un tranquilo paseo por la historia.<\/p>\n<p>                    <\/div>\n                    <div class=\"clearfix\"><\/div>\n                <\/div>\n            <\/div>\n        <\/div>\n\t<\/div>\n\n[\/vc_column][\/vc_row][vc_row fullwidth=&#8221;yes&#8221; css=&#8221;.vc_custom_1474447018555{background-position: 0 0 !important;background-repeat: no-repeat !important;}&#8221; el_class=&#8221;side-bg no-padding&#8221;][vc_column]\t<div class=\"side-bg\">\n\t\t<div class=\"image-container pull-left col-md-6\" style=\"background-image:url(https:\/\/www.masrosset.com\/wp-content\/uploads\/2015\/07\/museu-dali.jpg); ?>\" data-delay=\"0\"><\/div>\n\n        <div class=\"container\">\n            <div class=\"row\">\n                <div class=\"inner-padding\">\n                    <div class=\"col-md-5 col-md-offset-7 wow fadeInRight\" data-wow-delay=\".2s\">\n                        <h2>Museo Dal\u00ed (Figueres)<\/h2><br\/>\n                        <\/p>\n<p style=\"text-align: justify;\"><em>(A 25 minutos)<\/em><\/p>\n<p style=\"color: #ecc364; text-align: justify;\"><strong>El Teatro-Museu Dal\u00ed, situado en la ciudad de Figueres (provincia de Gerona), fue construido sobre los restos del antiguo Teatro Municipal de Figueres y esta considerado como la ultima gran obra de Dal\u00ed.<\/strong><\/p>\n<p style=\"text-align: justify;\">El museo, gestionado por la Fundaci\u00f3n Gala-Salvador Dal\u00ed, ofrece la oportunidad de disfrutar de la trayectoria art\u00edstica del Salvador Dal\u00ed. Dal\u00ed fue un pintor, escultor y escritor espa\u00f1ol del siglo XX, considerado uno de los m\u00e1ximos representantes del surrealismo. El museo fue un proyecto del propio artista, es por eso que dentro a dem\u00e1s de sus fant\u00e1sticas obras encontramos su ultima habitaci\u00f3n y su tumba.<\/p>\n<p>                    <\/div>\n                    <div class=\"clearfix\"><\/div>\n                <\/div>\n            <\/div>\n        <\/div>\n\t<\/div>\n\n[\/vc_column][\/vc_row][vc_row fullwidth=&#8221;yes&#8221; css=&#8221;.vc_custom_1442204580531{padding-top: 60px !important;padding-bottom: 60px !important;}&#8221; el_class=&#8221;call-to-action bg-color text-center&#8221;][vc_column]\t\t\t\n\n\t\t\t<a href=\"http:\/\/www.masrosset.com\/contacto\/\" class=\"btn btn-line-black btn-big\">Contacta con nostros<\/a>\n\t    \n[\/vc_column][\/vc_row]<\/p>\n<\/div>","protected":false},"excerpt":{"rendered":"<p>[vc_row css=&#8221;.vc_custom_1497533019880{border-top-width: -10px !important;}&#8221;][vc_column offset=&#8221;vc_hidden-lg vc_hidden-md&#8221;][vc_empty_space height=&#8221;5px&#8221;][\/vc_column][\/vc_row][vc_row fullwidth=&#8221;yes&#8221; css=&#8221;.vc_custom_1497532926515{margin-top: -40px !important;background-position: 0 0 !important;background-repeat: no-repeat !important;}&#8221; el_class=&#8221;side-bg no-padding&#8221;][vc_column][\/vc_column][\/vc_row][vc_row fullwidth=&#8221;yes&#8221; css=&#8221;.vc_custom_1474447018555{background-position: 0 0 !important;background-repeat: no-repeat !important;}&#8221; el_class=&#8221;side-bg no-padding&#8221;][vc_column][\/vc_column][\/vc_row][vc_row fullwidth=&#8221;yes&#8221; css=&#8221;.vc_custom_1474447018555{background-position: 0 0 !important;background-repeat: no-repeat !important;}&#8221; el_class=&#8221;side-bg no-padding&#8221;][vc_column][\/vc_column][\/vc_row][vc_row fullwidth=&#8221;yes&#8221; css=&#8221;.vc_custom_1474447018555{background-position: 0 0 !important;background-repeat: no-repeat !important;}&#8221; el_class=&#8221;side-bg no-padding&#8221;][vc_column][\/vc_column][\/vc_row][vc_row fullwidth=&#8221;yes&#8221; css=&#8221;.vc_custom_1474447018555{background-position: 0 0 !important;background-repeat: no-repeat !important;}&#8221; el_class=&#8221;side-bg no-padding&#8221;][vc_column][\/vc_column][\/vc_row][vc_row fullwidth=&#8221;yes&#8221; [&hellip;]<\/p>\n","protected":false},"author":1,"featured_media":0,"parent":0,"menu_order":0,"comment_status":"open","ping_status":"closed","template":"page-templates\/template-fullwidth.php","meta":{"footnotes":""},"class_list":["post-4762","page","type-page","status-publish","hentry"],"yoast_head":"<!-- This site is optimized with the Yoast SEO plugin v26.4 - https:\/\/yoast.com\/wordpress\/plugins\/seo\/ -->\n<title>Lugares de inter\u00e9s - Mas Rosset<\/title>\n<meta name=\"robots\" content=\"index, follow, max-snippet:-1, max-image-preview:large, max-video-preview:-1\" \/>\n<link rel=\"canonical\" href=\"https:\/\/www.masrosset.com\/es\/llocs-dinteres\/\" \/>\n<meta property=\"og:locale\" content=\"es_ES\" \/>\n<meta property=\"og:type\" content=\"article\" \/>\n<meta property=\"og:title\" content=\"Lugares de inter\u00e9s - Mas Rosset\" \/>\n<meta property=\"og:description\" content=\"[vc_row css=&#8221;.vc_custom_1497533019880{border-top-width: -10px !important;}&#8221;][vc_column offset=&#8221;vc_hidden-lg vc_hidden-md&#8221;][vc_empty_space height=&#8221;5px&#8221;][\/vc_column][\/vc_row][vc_row fullwidth=&#8221;yes&#8221; css=&#8221;.vc_custom_1497532926515{margin-top: -40px !important;background-position: 0 0 !important;background-repeat: no-repeat !important;}&#8221; el_class=&#8221;side-bg no-padding&#8221;][vc_column][\/vc_column][\/vc_row][vc_row fullwidth=&#8221;yes&#8221; css=&#8221;.vc_custom_1474447018555{background-position: 0 0 !important;background-repeat: no-repeat !important;}&#8221; el_class=&#8221;side-bg no-padding&#8221;][vc_column][\/vc_column][\/vc_row][vc_row fullwidth=&#8221;yes&#8221; css=&#8221;.vc_custom_1474447018555{background-position: 0 0 !important;background-repeat: no-repeat !important;}&#8221; el_class=&#8221;side-bg no-padding&#8221;][vc_column][\/vc_column][\/vc_row][vc_row fullwidth=&#8221;yes&#8221; css=&#8221;.vc_custom_1474447018555{background-position: 0 0 !important;background-repeat: no-repeat !important;}&#8221; el_class=&#8221;side-bg no-padding&#8221;][vc_column][\/vc_column][\/vc_row][vc_row fullwidth=&#8221;yes&#8221; css=&#8221;.vc_custom_1474447018555{background-position: 0 0 !important;background-repeat: no-repeat !important;}&#8221; el_class=&#8221;side-bg no-padding&#8221;][vc_column][\/vc_column][\/vc_row][vc_row fullwidth=&#8221;yes&#8221; [&hellip;]\" \/>\n<meta property=\"og:url\" content=\"https:\/\/www.masrosset.com\/es\/llocs-dinteres\/\" \/>\n<meta property=\"og:site_name\" content=\"Mas Rosset\" \/>\n<meta property=\"article:modified_time\" content=\"2023-10-19T08:24:07+00:00\" \/>\n<meta name=\"twitter:card\" content=\"summary_large_image\" \/>\n<meta name=\"twitter:label1\" content=\"Tiempo de lectura\" \/>\n\t<meta name=\"twitter:data1\" content=\"5 minutos\" \/>\n<script type=\"application\/ld+json\" class=\"yoast-schema-graph\">{\"@context\":\"https:\/\/schema.org\",\"@graph\":[{\"@type\":\"WebPage\",\"@id\":\"https:\/\/www.masrosset.com\/es\/llocs-dinteres\/\",\"url\":\"https:\/\/www.masrosset.com\/es\/llocs-dinteres\/\",\"name\":\"Lugares de inter\u00e9s - Mas Rosset\",\"isPartOf\":{\"@id\":\"https:\/\/www.masrosset.com\/#website\"},\"datePublished\":\"2023-10-19T08:18:11+00:00\",\"dateModified\":\"2023-10-19T08:24:07+00:00\",\"breadcrumb\":{\"@id\":\"https:\/\/www.masrosset.com\/es\/llocs-dinteres\/#breadcrumb\"},\"inLanguage\":\"es\",\"potentialAction\":[{\"@type\":\"ReadAction\",\"target\":[\"https:\/\/www.masrosset.com\/es\/llocs-dinteres\/\"]}]},{\"@type\":\"BreadcrumbList\",\"@id\":\"https:\/\/www.masrosset.com\/es\/llocs-dinteres\/#breadcrumb\",\"itemListElement\":[{\"@type\":\"ListItem\",\"position\":1,\"name\":\"Home\",\"item\":\"https:\/\/www.masrosset.com\/es\/\"},{\"@type\":\"ListItem\",\"position\":2,\"name\":\"Lugares de inter\u00e9s\"}]},{\"@type\":\"WebSite\",\"@id\":\"https:\/\/www.masrosset.com\/#website\",\"url\":\"https:\/\/www.masrosset.com\/\",\"name\":\"Mas Rosset\",\"description\":\"Mas\u00eda r\u00fastica rural para alquilar en Costa Brava, Girona\",\"potentialAction\":[{\"@type\":\"SearchAction\",\"target\":{\"@type\":\"EntryPoint\",\"urlTemplate\":\"https:\/\/www.masrosset.com\/?s={search_term_string}\"},\"query-input\":{\"@type\":\"PropertyValueSpecification\",\"valueRequired\":true,\"valueName\":\"search_term_string\"}}],\"inLanguage\":\"es\"}]}<\/script>\n<!-- \/ Yoast SEO plugin. -->","yoast_head_json":{"title":"Lugares de inter\u00e9s - Mas Rosset","robots":{"index":"index","follow":"follow","max-snippet":"max-snippet:-1","max-image-preview":"max-image-preview:large","max-video-preview":"max-video-preview:-1"},"canonical":"https:\/\/www.masrosset.com\/es\/llocs-dinteres\/","og_locale":"es_ES","og_type":"article","og_title":"Lugares de inter\u00e9s - Mas Rosset","og_description":"[vc_row css=&#8221;.vc_custom_1497533019880{border-top-width: -10px !important;}&#8221;][vc_column offset=&#8221;vc_hidden-lg vc_hidden-md&#8221;][vc_empty_space height=&#8221;5px&#8221;][\/vc_column][\/vc_row][vc_row fullwidth=&#8221;yes&#8221; css=&#8221;.vc_custom_1497532926515{margin-top: -40px !important;background-position: 0 0 !important;background-repeat: no-repeat !important;}&#8221; el_class=&#8221;side-bg no-padding&#8221;][vc_column][\/vc_column][\/vc_row][vc_row fullwidth=&#8221;yes&#8221; css=&#8221;.vc_custom_1474447018555{background-position: 0 0 !important;background-repeat: no-repeat !important;}&#8221; el_class=&#8221;side-bg no-padding&#8221;][vc_column][\/vc_column][\/vc_row][vc_row fullwidth=&#8221;yes&#8221; css=&#8221;.vc_custom_1474447018555{background-position: 0 0 !important;background-repeat: no-repeat !important;}&#8221; el_class=&#8221;side-bg no-padding&#8221;][vc_column][\/vc_column][\/vc_row][vc_row fullwidth=&#8221;yes&#8221; css=&#8221;.vc_custom_1474447018555{background-position: 0 0 !important;background-repeat: no-repeat !important;}&#8221; el_class=&#8221;side-bg no-padding&#8221;][vc_column][\/vc_column][\/vc_row][vc_row fullwidth=&#8221;yes&#8221; css=&#8221;.vc_custom_1474447018555{background-position: 0 0 !important;background-repeat: no-repeat !important;}&#8221; el_class=&#8221;side-bg no-padding&#8221;][vc_column][\/vc_column][\/vc_row][vc_row fullwidth=&#8221;yes&#8221; [&hellip;]","og_url":"https:\/\/www.masrosset.com\/es\/llocs-dinteres\/","og_site_name":"Mas Rosset","article_modified_time":"2023-10-19T08:24:07+00:00","twitter_card":"summary_large_image","twitter_misc":{"Tiempo de lectura":"5 minutos"},"schema":{"@context":"https:\/\/schema.org","@graph":[{"@type":"WebPage","@id":"https:\/\/www.masrosset.com\/es\/llocs-dinteres\/","url":"https:\/\/www.masrosset.com\/es\/llocs-dinteres\/","name":"Lugares de inter\u00e9s - Mas Rosset","isPartOf":{"@id":"https:\/\/www.masrosset.com\/#website"},"datePublished":"2023-10-19T08:18:11+00:00","dateModified":"2023-10-19T08:24:07+00:00","breadcrumb":{"@id":"https:\/\/www.masrosset.com\/es\/llocs-dinteres\/#breadcrumb"},"inLanguage":"es","potentialAction":[{"@type":"ReadAction","target":["https:\/\/www.masrosset.com\/es\/llocs-dinteres\/"]}]},{"@type":"BreadcrumbList","@id":"https:\/\/www.masrosset.com\/es\/llocs-dinteres\/#breadcrumb","itemListElement":[{"@type":"ListItem","position":1,"name":"Home","item":"https:\/\/www.masrosset.com\/es\/"},{"@type":"ListItem","position":2,"name":"Lugares de inter\u00e9s"}]},{"@type":"WebSite","@id":"https:\/\/www.masrosset.com\/#website","url":"https:\/\/www.masrosset.com\/","name":"Mas Rosset","description":"Mas\u00eda r\u00fastica rural para alquilar en Costa Brava, Girona","potentialAction":[{"@type":"SearchAction","target":{"@type":"EntryPoint","urlTemplate":"https:\/\/www.masrosset.com\/?s={search_term_string}"},"query-input":{"@type":"PropertyValueSpecification","valueRequired":true,"valueName":"search_term_string"}}],"inLanguage":"es"}]}},"_links":{"self":[{"href":"https:\/\/www.masrosset.com\/es\/wp-json\/wp\/v2\/pages\/4762","targetHints":{"allow":["GET"]}}],"collection":[{"href":"https:\/\/www.masrosset.com\/es\/wp-json\/wp\/v2\/pages"}],"about":[{"href":"https:\/\/www.masrosset.com\/es\/wp-json\/wp\/v2\/types\/page"}],"author":[{"embeddable":true,"href":"https:\/\/www.masrosset.com\/es\/wp-json\/wp\/v2\/users\/1"}],"replies":[{"embeddable":true,"href":"https:\/\/www.masrosset.com\/es\/wp-json\/wp\/v2\/comments?post=4762"}],"version-history":[{"count":3,"href":"https:\/\/www.masrosset.com\/es\/wp-json\/wp\/v2\/pages\/4762\/revisions"}],"predecessor-version":[{"id":4767,"href":"https:\/\/www.masrosset.com\/es\/wp-json\/wp\/v2\/pages\/4762\/revisions\/4767"}],"wp:attachment":[{"href":"https:\/\/www.masrosset.com\/es\/wp-json\/wp\/v2\/media?parent=4762"}],"curies":[{"name":"wp","href":"https:\/\/api.w.org\/{rel}","templated":true}]}}