{"id":1646,"date":"2017-06-06T08:46:01","date_gmt":"2017-06-06T08:46:01","guid":{"rendered":"http:\/\/www.masrosset.com\/?page_id=1646"},"modified":"2017-06-06T08:46:12","modified_gmt":"2017-06-06T08:46:12","slug":"entrada","status":"publish","type":"page","link":"https:\/\/www.masrosset.com\/es\/entrada\/","title":{"rendered":"Entrada"},"content":{"rendered":"<div class=\"wpb-content-wrapper\"><p>[vc_row][vc_column][vc_empty_space][vc_column_text]<\/p>\n<p style=\"color: #ecc364; font-size: 20px;\"><strong>Entrada<\/strong><\/p>\n<p>Gerona ofrece m\u00faltiples propuestas para hacer y visitar, tanto ofertas culturales, como de festivales, restaurantes, etc. Algunos de los lugares mas destacados son La For\u00e7a Vella, fortaleza casi triangular que levantaron los rumanos, La Catedral de Girona, el Barrio jud\u00edo, los ba\u00f1os \u00c1rabes, las murallas o la Rambla de la Libertad. Adem\u00e1s, Gerona cuenta con m\u00faltiples restaurante que te dan la oportunidad de vivir una experiencia gastron\u00f3mica mediterr\u00e1nea y \u00fanica.[\/vc_column_text][vc_images_carousel images=&#8221;1425,1426&#8243; img_size=&#8221;1140&#215;760&#8243; onclick=&#8221;link_no&#8221; speed=&#8221;3000&#8243; autoplay=&#8221;yes&#8221; wrap=&#8221;yes&#8221;][\/vc_column][\/vc_row]<\/p>\n<\/div>","protected":false},"excerpt":{"rendered":"<p>[vc_row][vc_column][vc_empty_space][vc_column_text] Entrada Gerona ofrece m\u00faltiples propuestas para hacer y visitar, tanto ofertas culturales, como de festivales, restaurantes, etc. Algunos de los lugares mas destacados son La For\u00e7a Vella, fortaleza casi triangular que levantaron los rumanos, La Catedral de Girona, el Barrio jud\u00edo, los ba\u00f1os \u00c1rabes, las murallas o la Rambla de la Libertad. Adem\u00e1s, Gerona [&hellip;]<\/p>\n","protected":false},"author":1,"featured_media":0,"parent":0,"menu_order":0,"comment_status":"closed","ping_status":"closed","template":"page-templates\/template-fullwidth.php","meta":{"footnotes":""},"class_list":["post-1646","page","type-page","status-publish","hentry"],"yoast_head":"<!-- This site is optimized with the Yoast SEO plugin v26.4 - https:\/\/yoast.com\/wordpress\/plugins\/seo\/ -->\n<title>Entrada - Mas Rosset<\/title>\n<meta name=\"robots\" content=\"index, follow, max-snippet:-1, max-image-preview:large, max-video-preview:-1\" \/>\n<link rel=\"canonical\" href=\"https:\/\/www.masrosset.com\/es\/entrada\/\" \/>\n<meta property=\"og:locale\" content=\"es_ES\" \/>\n<meta property=\"og:type\" content=\"article\" \/>\n<meta property=\"og:title\" content=\"Entrada - Mas Rosset\" \/>\n<meta property=\"og:description\" content=\"[vc_row][vc_column][vc_empty_space][vc_column_text] Entrada Gerona ofrece m\u00faltiples propuestas para hacer y visitar, tanto ofertas culturales, como de festivales, restaurantes, etc. Algunos de los lugares mas destacados son La For\u00e7a Vella, fortaleza casi triangular que levantaron los rumanos, La Catedral de Girona, el Barrio jud\u00edo, los ba\u00f1os \u00c1rabes, las murallas o la Rambla de la Libertad. Adem\u00e1s, Gerona [&hellip;]\" \/>\n<meta property=\"og:url\" content=\"https:\/\/www.masrosset.com\/es\/entrada\/\" \/>\n<meta property=\"og:site_name\" content=\"Mas Rosset\" \/>\n<meta property=\"article:modified_time\" content=\"2017-06-06T08:46:12+00:00\" \/>\n<meta name=\"twitter:card\" content=\"summary_large_image\" \/>\n<meta name=\"twitter:label1\" content=\"Tiempo de lectura\" \/>\n\t<meta name=\"twitter:data1\" content=\"1 minuto\" \/>\n<script type=\"application\/ld+json\" class=\"yoast-schema-graph\">{\"@context\":\"https:\/\/schema.org\",\"@graph\":[{\"@type\":\"WebPage\",\"@id\":\"https:\/\/www.masrosset.com\/es\/entrada\/\",\"url\":\"https:\/\/www.masrosset.com\/es\/entrada\/\",\"name\":\"Entrada - Mas Rosset\",\"isPartOf\":{\"@id\":\"https:\/\/www.masrosset.com\/#website\"},\"datePublished\":\"2017-06-06T08:46:01+00:00\",\"dateModified\":\"2017-06-06T08:46:12+00:00\",\"breadcrumb\":{\"@id\":\"https:\/\/www.masrosset.com\/es\/entrada\/#breadcrumb\"},\"inLanguage\":\"es\",\"potentialAction\":[{\"@type\":\"ReadAction\",\"target\":[\"https:\/\/www.masrosset.com\/es\/entrada\/\"]}]},{\"@type\":\"BreadcrumbList\",\"@id\":\"https:\/\/www.masrosset.com\/es\/entrada\/#breadcrumb\",\"itemListElement\":[{\"@type\":\"ListItem\",\"position\":1,\"name\":\"Home\",\"item\":\"https:\/\/www.masrosset.com\/es\/\"},{\"@type\":\"ListItem\",\"position\":2,\"name\":\"Entrada\"}]},{\"@type\":\"WebSite\",\"@id\":\"https:\/\/www.masrosset.com\/#website\",\"url\":\"https:\/\/www.masrosset.com\/\",\"name\":\"Mas Rosset\",\"description\":\"Mas\u00eda r\u00fastica rural para alquilar en Costa Brava, Girona\",\"potentialAction\":[{\"@type\":\"SearchAction\",\"target\":{\"@type\":\"EntryPoint\",\"urlTemplate\":\"https:\/\/www.masrosset.com\/?s={search_term_string}\"},\"query-input\":{\"@type\":\"PropertyValueSpecification\",\"valueRequired\":true,\"valueName\":\"search_term_string\"}}],\"inLanguage\":\"es\"}]}<\/script>\n<!-- \/ Yoast SEO plugin. -->","yoast_head_json":{"title":"Entrada - Mas Rosset","robots":{"index":"index","follow":"follow","max-snippet":"max-snippet:-1","max-image-preview":"max-image-preview:large","max-video-preview":"max-video-preview:-1"},"canonical":"https:\/\/www.masrosset.com\/es\/entrada\/","og_locale":"es_ES","og_type":"article","og_title":"Entrada - Mas Rosset","og_description":"[vc_row][vc_column][vc_empty_space][vc_column_text] Entrada Gerona ofrece m\u00faltiples propuestas para hacer y visitar, tanto ofertas culturales, como de festivales, restaurantes, etc. Algunos de los lugares mas destacados son La For\u00e7a Vella, fortaleza casi triangular que levantaron los rumanos, La Catedral de Girona, el Barrio jud\u00edo, los ba\u00f1os \u00c1rabes, las murallas o la Rambla de la Libertad. Adem\u00e1s, Gerona [&hellip;]","og_url":"https:\/\/www.masrosset.com\/es\/entrada\/","og_site_name":"Mas Rosset","article_modified_time":"2017-06-06T08:46:12+00:00","twitter_card":"summary_large_image","twitter_misc":{"Tiempo de lectura":"1 minuto"},"schema":{"@context":"https:\/\/schema.org","@graph":[{"@type":"WebPage","@id":"https:\/\/www.masrosset.com\/es\/entrada\/","url":"https:\/\/www.masrosset.com\/es\/entrada\/","name":"Entrada - Mas Rosset","isPartOf":{"@id":"https:\/\/www.masrosset.com\/#website"},"datePublished":"2017-06-06T08:46:01+00:00","dateModified":"2017-06-06T08:46:12+00:00","breadcrumb":{"@id":"https:\/\/www.masrosset.com\/es\/entrada\/#breadcrumb"},"inLanguage":"es","potentialAction":[{"@type":"ReadAction","target":["https:\/\/www.masrosset.com\/es\/entrada\/"]}]},{"@type":"BreadcrumbList","@id":"https:\/\/www.masrosset.com\/es\/entrada\/#breadcrumb","itemListElement":[{"@type":"ListItem","position":1,"name":"Home","item":"https:\/\/www.masrosset.com\/es\/"},{"@type":"ListItem","position":2,"name":"Entrada"}]},{"@type":"WebSite","@id":"https:\/\/www.masrosset.com\/#website","url":"https:\/\/www.masrosset.com\/","name":"Mas Rosset","description":"Mas\u00eda r\u00fastica rural para alquilar en Costa Brava, Girona","potentialAction":[{"@type":"SearchAction","target":{"@type":"EntryPoint","urlTemplate":"https:\/\/www.masrosset.com\/?s={search_term_string}"},"query-input":{"@type":"PropertyValueSpecification","valueRequired":true,"valueName":"search_term_string"}}],"inLanguage":"es"}]}},"_links":{"self":[{"href":"https:\/\/www.masrosset.com\/es\/wp-json\/wp\/v2\/pages\/1646","targetHints":{"allow":["GET"]}}],"collection":[{"href":"https:\/\/www.masrosset.com\/es\/wp-json\/wp\/v2\/pages"}],"about":[{"href":"https:\/\/www.masrosset.com\/es\/wp-json\/wp\/v2\/types\/page"}],"author":[{"embeddable":true,"href":"https:\/\/www.masrosset.com\/es\/wp-json\/wp\/v2\/users\/1"}],"replies":[{"embeddable":true,"href":"https:\/\/www.masrosset.com\/es\/wp-json\/wp\/v2\/comments?post=1646"}],"version-history":[{"count":1,"href":"https:\/\/www.masrosset.com\/es\/wp-json\/wp\/v2\/pages\/1646\/revisions"}],"predecessor-version":[{"id":1647,"href":"https:\/\/www.masrosset.com\/es\/wp-json\/wp\/v2\/pages\/1646\/revisions\/1647"}],"wp:attachment":[{"href":"https:\/\/www.masrosset.com\/es\/wp-json\/wp\/v2\/media?parent=1646"}],"curies":[{"name":"wp","href":"https:\/\/api.w.org\/{rel}","templated":true}]}}