{"id":1623,"date":"2017-05-18T07:56:37","date_gmt":"2017-05-18T07:56:37","guid":{"rendered":"http:\/\/www.masrosset.com\/?page_id=1623"},"modified":"2017-09-13T13:36:41","modified_gmt":"2017-09-13T13:36:41","slug":"la-masia","status":"publish","type":"page","link":"https:\/\/www.masrosset.com\/es\/la-masia\/","title":{"rendered":"La Mas\u00eda"},"content":{"rendered":"<div class=\"wpb-content-wrapper\"><p>[vc_row][vc_column][rev_slider_vc alias=&#8221;la-masia&#8221;][vc_empty_space][\/vc_column][\/vc_row][vc_row][vc_column width=&#8221;1\/2&#8243; offset=&#8221;vc_hidden-sm vc_hidden-xs&#8221;][vc_column_text]<\/p>\n<p style=\"color: #ecc364; font-size: 20px;\"><strong>La mas\u00eda<\/strong><\/p>\n<p style=\"text-align: justify;\">Mas Rosset es una mas\u00eda del siglo XVIII situada en una zona \u00fanica y privilegiada del Pla de l\u2019Estany, rodeada de un tranquilo entorno natural. Sus tres amplias plantas totalmente restauradas con amor, conservando gran parte de su car\u00e1cter original, permiten disfrutar de una experiencia inolvidable.<\/p>\n<p style=\"text-align: justify;\">Mas Rosset est\u00e1 equipada de unas instalaciones cuidadas hasta el \u00faltimo detalle. En su interior encontramos la iluminaci\u00f3n adecuada, equipo de m\u00fasica en todas las zonas comunes y exteriores, sala de juegos, biblioteca, spa con jacuzzi climatizado, barbacoa, piscina, zona chill out y pista de p\u00e1del.<\/p>\n<p>[\/vc_column_text][vc_empty_space][\/vc_column][vc_column width=&#8221;1\/2&#8243; offset=&#8221;vc_hidden-sm vc_hidden-xs&#8221; el_class=&#8221;center&#8221;][vc_empty_space height=&#8221;120px&#8221;]\t\t\t\n\n\t\t\t<a href=\"http:\/\/www.masrosset.com\/precios\/\" class=\"btn btn-line-black btn-big\">Ver precios<\/a>\n\t    \n[\/vc_column][\/vc_row][vc_row el_class=&#8221;center&#8221;][vc_column offset=&#8221;vc_hidden-lg vc_hidden-md&#8221;][vc_column_text]<\/p>\n<p style=\"color: #ecc364; font-size: 20px; text-align: left;\"><strong>La mas\u00eda<\/strong><\/p>\n<p style=\"text-align: justify;\">Mas Rosset es una mas\u00eda del siglo XVIII situada en una zona \u00fanica y privilegiada del Pla de l\u2019Estany rodeada de un tranquilo entorno natural. Sus tres amplias plantas totalmente restauradas con buen gusto conservando gran parte de su car\u00e1cter original permiten disfrutar de una experiencia inolvidable.<\/p>\n<p style=\"text-align: justify;\">Mas Rosset est\u00e1 equipada de unas instalaciones cuidadas hasta el \u00faltimo detalle. En su interior encontramos la iluminaci\u00f3n adecuada, equipo de m\u00fasica en todas las zonas comunes y exteriores, sala de juegos, biblioteca, spa con jacuzzi climatizado, barbacoa, piscina, zona chill out y pista de p\u00e1del.<\/p>\n<p>[\/vc_column_text][vc_empty_space]\t\t\t\n\n\t\t\t<a href=\"http:\/\/www.masrosset.com\/precios\/\" class=\"btn btn-line-black btn-big\">Ver precios<\/a>\n\t    \n[vc_empty_space][\/vc_column][\/vc_row]<\/p>\n<\/div>","protected":false},"excerpt":{"rendered":"<p>[vc_row][vc_column][rev_slider_vc alias=&#8221;la-masia&#8221;][vc_empty_space][\/vc_column][\/vc_row][vc_row][vc_column width=&#8221;1\/2&#8243; offset=&#8221;vc_hidden-sm vc_hidden-xs&#8221;][vc_column_text] La mas\u00eda Mas Rosset es una mas\u00eda del siglo XVIII situada en una zona \u00fanica y privilegiada del Pla de l\u2019Estany, rodeada de un tranquilo entorno natural. Sus tres amplias plantas totalmente restauradas con amor, conservando gran parte de su car\u00e1cter original, permiten disfrutar de una experiencia inolvidable. Mas Rosset [&hellip;]<\/p>\n","protected":false},"author":1,"featured_media":0,"parent":0,"menu_order":0,"comment_status":"closed","ping_status":"closed","template":"page-templates\/template-fullwidth.php","meta":{"footnotes":""},"class_list":["post-1623","page","type-page","status-publish","hentry"],"yoast_head":"<!-- This site is optimized with the Yoast SEO plugin v26.4 - https:\/\/yoast.com\/wordpress\/plugins\/seo\/ -->\n<title>La Mas\u00eda - Mas Rosset<\/title>\n<meta name=\"robots\" content=\"index, follow, max-snippet:-1, max-image-preview:large, max-video-preview:-1\" \/>\n<link rel=\"canonical\" href=\"https:\/\/www.masrosset.com\/es\/la-masia\/\" \/>\n<meta property=\"og:locale\" content=\"es_ES\" \/>\n<meta property=\"og:type\" content=\"article\" \/>\n<meta property=\"og:title\" content=\"La Mas\u00eda - Mas Rosset\" \/>\n<meta property=\"og:description\" content=\"[vc_row][vc_column][rev_slider_vc alias=&#8221;la-masia&#8221;][vc_empty_space][\/vc_column][\/vc_row][vc_row][vc_column width=&#8221;1\/2&#8243; offset=&#8221;vc_hidden-sm vc_hidden-xs&#8221;][vc_column_text] La mas\u00eda Mas Rosset es una mas\u00eda del siglo XVIII situada en una zona \u00fanica y privilegiada del Pla de l\u2019Estany, rodeada de un tranquilo entorno natural. Sus tres amplias plantas totalmente restauradas con amor, conservando gran parte de su car\u00e1cter original, permiten disfrutar de una experiencia inolvidable. Mas Rosset [&hellip;]\" \/>\n<meta property=\"og:url\" content=\"https:\/\/www.masrosset.com\/es\/la-masia\/\" \/>\n<meta property=\"og:site_name\" content=\"Mas Rosset\" \/>\n<meta property=\"article:modified_time\" content=\"2017-09-13T13:36:41+00:00\" \/>\n<meta name=\"twitter:card\" content=\"summary_large_image\" \/>\n<meta name=\"twitter:label1\" content=\"Tiempo de lectura\" \/>\n\t<meta name=\"twitter:data1\" content=\"2 minutos\" \/>\n<script type=\"application\/ld+json\" class=\"yoast-schema-graph\">{\"@context\":\"https:\/\/schema.org\",\"@graph\":[{\"@type\":\"WebPage\",\"@id\":\"https:\/\/www.masrosset.com\/es\/la-masia\/\",\"url\":\"https:\/\/www.masrosset.com\/es\/la-masia\/\",\"name\":\"La Mas\u00eda - Mas Rosset\",\"isPartOf\":{\"@id\":\"https:\/\/www.masrosset.com\/#website\"},\"datePublished\":\"2017-05-18T07:56:37+00:00\",\"dateModified\":\"2017-09-13T13:36:41+00:00\",\"breadcrumb\":{\"@id\":\"https:\/\/www.masrosset.com\/es\/la-masia\/#breadcrumb\"},\"inLanguage\":\"es\",\"potentialAction\":[{\"@type\":\"ReadAction\",\"target\":[\"https:\/\/www.masrosset.com\/es\/la-masia\/\"]}]},{\"@type\":\"BreadcrumbList\",\"@id\":\"https:\/\/www.masrosset.com\/es\/la-masia\/#breadcrumb\",\"itemListElement\":[{\"@type\":\"ListItem\",\"position\":1,\"name\":\"Home\",\"item\":\"https:\/\/www.masrosset.com\/es\/\"},{\"@type\":\"ListItem\",\"position\":2,\"name\":\"La Mas\u00eda\"}]},{\"@type\":\"WebSite\",\"@id\":\"https:\/\/www.masrosset.com\/#website\",\"url\":\"https:\/\/www.masrosset.com\/\",\"name\":\"Mas Rosset\",\"description\":\"Mas\u00eda r\u00fastica rural para alquilar en Costa Brava, Girona\",\"potentialAction\":[{\"@type\":\"SearchAction\",\"target\":{\"@type\":\"EntryPoint\",\"urlTemplate\":\"https:\/\/www.masrosset.com\/?s={search_term_string}\"},\"query-input\":{\"@type\":\"PropertyValueSpecification\",\"valueRequired\":true,\"valueName\":\"search_term_string\"}}],\"inLanguage\":\"es\"}]}<\/script>\n<!-- \/ Yoast SEO plugin. -->","yoast_head_json":{"title":"La Mas\u00eda - Mas Rosset","robots":{"index":"index","follow":"follow","max-snippet":"max-snippet:-1","max-image-preview":"max-image-preview:large","max-video-preview":"max-video-preview:-1"},"canonical":"https:\/\/www.masrosset.com\/es\/la-masia\/","og_locale":"es_ES","og_type":"article","og_title":"La Mas\u00eda - Mas Rosset","og_description":"[vc_row][vc_column][rev_slider_vc alias=&#8221;la-masia&#8221;][vc_empty_space][\/vc_column][\/vc_row][vc_row][vc_column width=&#8221;1\/2&#8243; offset=&#8221;vc_hidden-sm vc_hidden-xs&#8221;][vc_column_text] La mas\u00eda Mas Rosset es una mas\u00eda del siglo XVIII situada en una zona \u00fanica y privilegiada del Pla de l\u2019Estany, rodeada de un tranquilo entorno natural. Sus tres amplias plantas totalmente restauradas con amor, conservando gran parte de su car\u00e1cter original, permiten disfrutar de una experiencia inolvidable. Mas Rosset [&hellip;]","og_url":"https:\/\/www.masrosset.com\/es\/la-masia\/","og_site_name":"Mas Rosset","article_modified_time":"2017-09-13T13:36:41+00:00","twitter_card":"summary_large_image","twitter_misc":{"Tiempo de lectura":"2 minutos"},"schema":{"@context":"https:\/\/schema.org","@graph":[{"@type":"WebPage","@id":"https:\/\/www.masrosset.com\/es\/la-masia\/","url":"https:\/\/www.masrosset.com\/es\/la-masia\/","name":"La Mas\u00eda - Mas Rosset","isPartOf":{"@id":"https:\/\/www.masrosset.com\/#website"},"datePublished":"2017-05-18T07:56:37+00:00","dateModified":"2017-09-13T13:36:41+00:00","breadcrumb":{"@id":"https:\/\/www.masrosset.com\/es\/la-masia\/#breadcrumb"},"inLanguage":"es","potentialAction":[{"@type":"ReadAction","target":["https:\/\/www.masrosset.com\/es\/la-masia\/"]}]},{"@type":"BreadcrumbList","@id":"https:\/\/www.masrosset.com\/es\/la-masia\/#breadcrumb","itemListElement":[{"@type":"ListItem","position":1,"name":"Home","item":"https:\/\/www.masrosset.com\/es\/"},{"@type":"ListItem","position":2,"name":"La Mas\u00eda"}]},{"@type":"WebSite","@id":"https:\/\/www.masrosset.com\/#website","url":"https:\/\/www.masrosset.com\/","name":"Mas Rosset","description":"Mas\u00eda r\u00fastica rural para alquilar en Costa Brava, Girona","potentialAction":[{"@type":"SearchAction","target":{"@type":"EntryPoint","urlTemplate":"https:\/\/www.masrosset.com\/?s={search_term_string}"},"query-input":{"@type":"PropertyValueSpecification","valueRequired":true,"valueName":"search_term_string"}}],"inLanguage":"es"}]}},"_links":{"self":[{"href":"https:\/\/www.masrosset.com\/es\/wp-json\/wp\/v2\/pages\/1623","targetHints":{"allow":["GET"]}}],"collection":[{"href":"https:\/\/www.masrosset.com\/es\/wp-json\/wp\/v2\/pages"}],"about":[{"href":"https:\/\/www.masrosset.com\/es\/wp-json\/wp\/v2\/types\/page"}],"author":[{"embeddable":true,"href":"https:\/\/www.masrosset.com\/es\/wp-json\/wp\/v2\/users\/1"}],"replies":[{"embeddable":true,"href":"https:\/\/www.masrosset.com\/es\/wp-json\/wp\/v2\/comments?post=1623"}],"version-history":[{"count":44,"href":"https:\/\/www.masrosset.com\/es\/wp-json\/wp\/v2\/pages\/1623\/revisions"}],"predecessor-version":[{"id":2365,"href":"https:\/\/www.masrosset.com\/es\/wp-json\/wp\/v2\/pages\/1623\/revisions\/2365"}],"wp:attachment":[{"href":"https:\/\/www.masrosset.com\/es\/wp-json\/wp\/v2\/media?parent=1623"}],"curies":[{"name":"wp","href":"https:\/\/api.w.org\/{rel}","templated":true}]}}