{"id":1613,"date":"2017-05-17T14:56:20","date_gmt":"2017-05-17T14:56:20","guid":{"rendered":"http:\/\/www.masrosset.com\/?page_id=1613"},"modified":"2020-12-09T17:26:18","modified_gmt":"2020-12-09T17:26:18","slug":"zonas-comunes","status":"publish","type":"page","link":"https:\/\/www.masrosset.com\/es\/zonas-comunes\/","title":{"rendered":"Zonas Comunes"},"content":{"rendered":"<div class=\"wpb-content-wrapper\"><p>[vc_row][vc_column][vc_column_text][\/vc_column_text][\/vc_column][\/vc_row][vc_row][vc_column][rev_slider_vc alias=&#8221;zonas-comunes&#8221;][\/vc_column][\/vc_row][vc_row][vc_column][vc_column_text]<\/p>\r\n\r\n<p><p>[\/vc_column_text][\/vc_column][\/vc_row][vc_row][vc_column offset=&#8221;vc_hidden-md vc_hidden-sm vc_hidden-xs&#8221;][vc_column_text]<\/p>\n<div style=\"float: left; width: 45%; text-align: justify;\">\n<p style=\"color: #ecc364; font-size: 20px;\"><strong>Entrada<\/strong><\/p>\n<p>Distribuidor que conecta las dos entradas principales de la mas\u00eda, bajo una majestuosa b\u00f3veda de terracota.<\/p>\n<p style=\"color: #ecc364; font-size: 20px;\"><strong>Comedor<\/strong><\/p>\n<p>Elegante y pr\u00e1ctico para disfrutar de una buena comida entre familiares y amigos.<\/p>\n<p style=\"color: #ecc364; font-size: 20px;\"><strong>Cocina<\/strong><\/p>\n<p>Amplia cocina totalmente equipada con una isla central con gran capacidad de almacenamiento.<\/p>\n<p style=\"color: #ecc364; font-size: 20px;\"><strong>Sala de estar<\/strong><\/p>\n<p>Amplia sala de estar muy confortable con acceso al jard\u00edn. Ideal para relajarse o ver una pel\u00edcula en el televisor.<\/p>\n<p style=\"color: #ecc364; font-size: 20px;\"><strong>Altillo<\/strong><\/p>\n<p>Sala de estar para tomar una copa o simplemente pasar un buen rato con los amigos.<\/p>\n<p style=\"color: #ecc364; font-size: 20px;\"><strong>Recibidor<\/strong><\/p>\n<p>Entrada alternativa a la mas\u00eda para acceder a la sala de reuniones, formada por dos ambientes: zona de sof\u00e1s y zona de mesa, ideal para la recepci\u00f3n de los asistentes.<\/p>\n<p style=\"color: #ecc364; font-size: 20px;\"><strong>Biblioteca<\/strong><\/p>\n<p>Grande y acogedora para relajarse leyendo un libro o simplemente disfrutar del espacio con vistas inmejorables.<\/p>\n<p style=\"color: #ecc364; font-size: 20px;\"><strong>Sala de juegos<\/strong><\/p>\n<p>Sala de juegos con billar y mueble bar, donde del juego se hace un placer.<\/p>\n<p style=\"color: #ecc364; font-size: 20px;\"><strong>Lavadero<\/strong><\/p>\n<p>Amplia zona de limpieza y lavander\u00eda con todos los utensilios necesarios.<\/p>\n<p style=\"color: #ecc364; font-size: 20px;\"><strong>Distribuidor<\/strong><\/p>\n<p>Amplio y acogedor distribuidor para acceder a las habitaciones, que da luz a todas las zonas comunes de la mas\u00eda.<\/p>\n<p style=\"color: #ecc364; font-size: 20px;\"><strong>Hamacas<\/strong><\/p>\n<p>Tranquilo entorno para descansar y relajarse bajo la sombra de los alcornoques enmarcado en un paisaje buc\u00f3lico.<\/p>\n<\/div>\n<div style=\"float: right; width: 45%; text-align: justify;\">\n<p style=\"color: #ecc364; font-size: 20px;\"><strong>Servicios adicionales<\/strong><b>\u00a0<\/b><\/p>\n<p>Mas Rosset est\u00e1 totalmente equipado y amueblado al m\u00e1s alto nivel con el fin de hacer su estancia inolvidable.<\/p>\n<p>Las instalaciones incluyen fibra \u00f3ptica, Wi-Fi, Smart TV y sistema musical v\u00eda radio y Bluetooth independiente para las zonas comunes, barbacoa, piscina y zona chill out.<\/p>\n<p>Mas Rosset tambi\u00e9n ofrece una serie de servicios adicionales y opcionales que le ayudar\u00e1n a disfrutar de sus d\u00edas de descanso:<\/p>\n<p>&#8211; Servicio de chef.<\/p>\n<p>&#8211; Recepci\u00f3n y bienvenida en el aeropuerto.<\/p>\n<p>&#8211; Proveer nevera y despensa.<\/p>\n<p>&#8211; Servicio de masajes.<\/p>\n<div style=\"text-align: center;\"><span id=\"button-pop-up\" style=\"text-align: center;\">ESPECIFICACIONES<\/span><\/div>\n<\/div>\n<div style=\"clear: both;\">\u00a0<\/div>\n<p>[\/vc_column_text][\/vc_column][\/vc_row][vc_row][vc_column][vc_column_text]<\/p>\n<\/p>\r\n<p><p>[\/vc_column_text][\/vc_column][\/vc_row][vc_row el_class=&#8221;center&#8221;][vc_column offset=&#8221;vc_hidden-lg&#8221; el_class=&#8221;vc_tta-o-non-responsive&#8221;][vc_column_text]<\/p>\n<p style=\"color: #ecc364; font-size: 20px;\"><strong>Entrada<\/strong><\/p>\n<p>Distribuidor que conecta las dos entradas principales de la mas\u00eda, bajo una majestuosa b\u00f3veda de terracota.<\/p>\n<p style=\"color: #ecc364; font-size: 20px;\"><strong>Comedor<\/strong><\/p>\n<p>Elegante y pr\u00e1ctico para disfrutar de una buena comida entre familiares y amigos.<\/p>\n<p style=\"color: #ecc364; font-size: 20px;\"><strong>Cocina<\/strong><\/p>\n<p>Amplia cocina totalmente equipada con una isla central con gran capacidad de almacenamiento.<\/p>\n<p style=\"color: #ecc364; font-size: 20px;\"><strong>Sala de estar<\/strong><\/p>\n<p>Amplia sala de estar muy confortable con acceso al jard\u00edn. Ideal para relajarse o ver una pel\u00edcula en el televisor.<\/p>\n<p style=\"color: #ecc364; font-size: 20px;\"><strong>Altillo<\/strong><\/p>\n<p>Sala de estar para tomar una copa o simplemente pasar un buen rato con los amigos.<\/p>\n<p style=\"color: #ecc364; font-size: 20px;\"><strong>Recibidor<\/strong><\/p>\n<p>Entrada alternativa a la mas\u00eda para acceder a la sala de reuniones, formada por dos ambientes: zona de sof\u00e1s y zona de mesa, ideal para la recepci\u00f3n de los asistentes.<\/p>\n<p style=\"color: #ecc364; font-size: 20px;\"><strong>Biblioteca<\/strong><\/p>\n<p>Grande y acogedora para relajarse leyendo un libro o simplemente disfrutar del espacio con vistas inmejorables.<\/p>\n<p style=\"color: #ecc364; font-size: 20px;\"><strong>Sala de juegos<\/strong><\/p>\n<p>Sala de juegos con billar y mueble bar, donde del juego se hace un placer.<\/p>\n<p style=\"color: #ecc364; font-size: 20px;\"><strong>Lavadero<\/strong><\/p>\n<p>Amplia zona de limpieza y lavander\u00eda con todos los utensilios necesarios.<\/p>\n<p style=\"color: #ecc364; font-size: 20px;\"><strong>Distribuidor<\/strong><\/p>\n<p>Amplio y acogedor distribuidor para acceder a las habitaciones, que da luz a todas las zonas comunes de la mas\u00eda.<\/p>\n<p style=\"color: #ecc364; font-size: 20px;\"><strong>Hamacas<\/strong><\/p>\n<p style=\"margin-bottom: 75px;\">Tranquilo entorno para descansar y relajarse bajo la sombra de los alcornoques enmarcado en un paisaje buc\u00f3lico.<\/p>\n<p style=\"color: #ecc364; font-size: 20px;\"><strong>Servicios adicionales<\/strong><b>\u00a0<\/b><\/p>\n<p>Mas Rosset est\u00e1 totalmente equipado y amueblado al m\u00e1s alto nivel con el fin de hacer su estancia inolvidable.<\/p>\n<p>Las instalaciones incluyen fibra \u00f3ptica, Wi-Fi, Smart TV y sistema musical v\u00eda radio y Bluetooth independiente para las zonas comunes, barbacoa, piscina y zona chill out.<\/p>\n<p>Mas Rosset tambi\u00e9n ofrece una serie de servicios adicionales y opcionales que le ayudar\u00e1n a disfrutar de sus d\u00edas de descanso:<\/p>\n<p>&#8211; Servicio de chef.<\/p>\n<p>&#8211; Recepci\u00f3n y bienvenida en el aeropuerto.<\/p>\n<p>&#8211; Proveer nevera y despensa.<\/p>\n<p>&#8211; Servicio de masajes.<\/p>\n<p style=\"text-align: center;\"><span id=\"button-pop-up\">ESPECIFICACIONES<\/span><\/p>\n<p>[\/vc_column_text][\/vc_column][\/vc_row][vc_row][vc_column][vc_column_text]<\/p>\n<\/p>\r\n\r\n<p>[\/vc_column_text][\/vc_column][\/vc_row]<\/p><\/div>","protected":false},"excerpt":{"rendered":"<p>[vc_row][vc_column][vc_column_text][\/vc_column_text][\/vc_column][\/vc_row][vc_row][vc_column][rev_slider_vc alias=&#8221;zonas-comunes&#8221;][\/vc_column][\/vc_row][vc_row][vc_column][vc_column_text] [\/vc_column_text][\/vc_column][\/vc_row]<\/p>\n","protected":false},"author":1,"featured_media":0,"parent":0,"menu_order":0,"comment_status":"closed","ping_status":"closed","template":"page-templates\/template-fullwidth.php","meta":{"footnotes":""},"class_list":["post-1613","page","type-page","status-publish","hentry"],"yoast_head":"<!-- This site is optimized with the Yoast SEO plugin v26.4 - https:\/\/yoast.com\/wordpress\/plugins\/seo\/ -->\n<title>Zonas Comunes - Mas Rosset<\/title>\n<meta name=\"robots\" content=\"index, follow, max-snippet:-1, max-image-preview:large, max-video-preview:-1\" \/>\n<link rel=\"canonical\" href=\"https:\/\/www.masrosset.com\/es\/zonas-comunes\/\" \/>\n<meta property=\"og:locale\" content=\"es_ES\" \/>\n<meta property=\"og:type\" content=\"article\" \/>\n<meta property=\"og:title\" content=\"Zonas Comunes - Mas Rosset\" \/>\n<meta property=\"og:description\" content=\"[vc_row][vc_column][vc_column_text][\/vc_column_text][\/vc_column][\/vc_row][vc_row][vc_column][rev_slider_vc alias=&#8221;zonas-comunes&#8221;][\/vc_column][\/vc_row][vc_row][vc_column][vc_column_text] [\/vc_column_text][\/vc_column][\/vc_row]\" \/>\n<meta property=\"og:url\" content=\"https:\/\/www.masrosset.com\/es\/zonas-comunes\/\" \/>\n<meta property=\"og:site_name\" content=\"Mas Rosset\" \/>\n<meta property=\"article:modified_time\" content=\"2020-12-09T17:26:18+00:00\" \/>\n<meta name=\"twitter:card\" content=\"summary_large_image\" \/>\n<meta name=\"twitter:label1\" content=\"Tiempo de lectura\" \/>\n\t<meta name=\"twitter:data1\" content=\"4 minutos\" \/>\n<script type=\"application\/ld+json\" class=\"yoast-schema-graph\">{\"@context\":\"https:\/\/schema.org\",\"@graph\":[{\"@type\":\"WebPage\",\"@id\":\"https:\/\/www.masrosset.com\/es\/zonas-comunes\/\",\"url\":\"https:\/\/www.masrosset.com\/es\/zonas-comunes\/\",\"name\":\"Zonas Comunes - Mas Rosset\",\"isPartOf\":{\"@id\":\"https:\/\/www.masrosset.com\/#website\"},\"datePublished\":\"2017-05-17T14:56:20+00:00\",\"dateModified\":\"2020-12-09T17:26:18+00:00\",\"breadcrumb\":{\"@id\":\"https:\/\/www.masrosset.com\/es\/zonas-comunes\/#breadcrumb\"},\"inLanguage\":\"es\",\"potentialAction\":[{\"@type\":\"ReadAction\",\"target\":[\"https:\/\/www.masrosset.com\/es\/zonas-comunes\/\"]}]},{\"@type\":\"BreadcrumbList\",\"@id\":\"https:\/\/www.masrosset.com\/es\/zonas-comunes\/#breadcrumb\",\"itemListElement\":[{\"@type\":\"ListItem\",\"position\":1,\"name\":\"Home\",\"item\":\"https:\/\/www.masrosset.com\/es\/\"},{\"@type\":\"ListItem\",\"position\":2,\"name\":\"Zonas Comunes\"}]},{\"@type\":\"WebSite\",\"@id\":\"https:\/\/www.masrosset.com\/#website\",\"url\":\"https:\/\/www.masrosset.com\/\",\"name\":\"Mas Rosset\",\"description\":\"Mas\u00eda r\u00fastica rural para alquilar en Costa Brava, Girona\",\"potentialAction\":[{\"@type\":\"SearchAction\",\"target\":{\"@type\":\"EntryPoint\",\"urlTemplate\":\"https:\/\/www.masrosset.com\/?s={search_term_string}\"},\"query-input\":{\"@type\":\"PropertyValueSpecification\",\"valueRequired\":true,\"valueName\":\"search_term_string\"}}],\"inLanguage\":\"es\"}]}<\/script>\n<!-- \/ Yoast SEO plugin. -->","yoast_head_json":{"title":"Zonas Comunes - Mas Rosset","robots":{"index":"index","follow":"follow","max-snippet":"max-snippet:-1","max-image-preview":"max-image-preview:large","max-video-preview":"max-video-preview:-1"},"canonical":"https:\/\/www.masrosset.com\/es\/zonas-comunes\/","og_locale":"es_ES","og_type":"article","og_title":"Zonas Comunes - Mas Rosset","og_description":"[vc_row][vc_column][vc_column_text][\/vc_column_text][\/vc_column][\/vc_row][vc_row][vc_column][rev_slider_vc alias=&#8221;zonas-comunes&#8221;][\/vc_column][\/vc_row][vc_row][vc_column][vc_column_text] [\/vc_column_text][\/vc_column][\/vc_row]","og_url":"https:\/\/www.masrosset.com\/es\/zonas-comunes\/","og_site_name":"Mas Rosset","article_modified_time":"2020-12-09T17:26:18+00:00","twitter_card":"summary_large_image","twitter_misc":{"Tiempo de lectura":"4 minutos"},"schema":{"@context":"https:\/\/schema.org","@graph":[{"@type":"WebPage","@id":"https:\/\/www.masrosset.com\/es\/zonas-comunes\/","url":"https:\/\/www.masrosset.com\/es\/zonas-comunes\/","name":"Zonas Comunes - Mas Rosset","isPartOf":{"@id":"https:\/\/www.masrosset.com\/#website"},"datePublished":"2017-05-17T14:56:20+00:00","dateModified":"2020-12-09T17:26:18+00:00","breadcrumb":{"@id":"https:\/\/www.masrosset.com\/es\/zonas-comunes\/#breadcrumb"},"inLanguage":"es","potentialAction":[{"@type":"ReadAction","target":["https:\/\/www.masrosset.com\/es\/zonas-comunes\/"]}]},{"@type":"BreadcrumbList","@id":"https:\/\/www.masrosset.com\/es\/zonas-comunes\/#breadcrumb","itemListElement":[{"@type":"ListItem","position":1,"name":"Home","item":"https:\/\/www.masrosset.com\/es\/"},{"@type":"ListItem","position":2,"name":"Zonas Comunes"}]},{"@type":"WebSite","@id":"https:\/\/www.masrosset.com\/#website","url":"https:\/\/www.masrosset.com\/","name":"Mas Rosset","description":"Mas\u00eda r\u00fastica rural para alquilar en Costa Brava, Girona","potentialAction":[{"@type":"SearchAction","target":{"@type":"EntryPoint","urlTemplate":"https:\/\/www.masrosset.com\/?s={search_term_string}"},"query-input":{"@type":"PropertyValueSpecification","valueRequired":true,"valueName":"search_term_string"}}],"inLanguage":"es"}]}},"_links":{"self":[{"href":"https:\/\/www.masrosset.com\/es\/wp-json\/wp\/v2\/pages\/1613","targetHints":{"allow":["GET"]}}],"collection":[{"href":"https:\/\/www.masrosset.com\/es\/wp-json\/wp\/v2\/pages"}],"about":[{"href":"https:\/\/www.masrosset.com\/es\/wp-json\/wp\/v2\/types\/page"}],"author":[{"embeddable":true,"href":"https:\/\/www.masrosset.com\/es\/wp-json\/wp\/v2\/users\/1"}],"replies":[{"embeddable":true,"href":"https:\/\/www.masrosset.com\/es\/wp-json\/wp\/v2\/comments?post=1613"}],"version-history":[{"count":71,"href":"https:\/\/www.masrosset.com\/es\/wp-json\/wp\/v2\/pages\/1613\/revisions"}],"predecessor-version":[{"id":3897,"href":"https:\/\/www.masrosset.com\/es\/wp-json\/wp\/v2\/pages\/1613\/revisions\/3897"}],"wp:attachment":[{"href":"https:\/\/www.masrosset.com\/es\/wp-json\/wp\/v2\/media?parent=1613"}],"curies":[{"name":"wp","href":"https:\/\/api.w.org\/{rel}","templated":true}]}}