{"id":1610,"date":"2017-05-17T14:55:25","date_gmt":"2017-05-17T14:55:25","guid":{"rendered":"http:\/\/www.masrosset.com\/?page_id=1610"},"modified":"2020-12-09T20:58:56","modified_gmt":"2020-12-09T20:58:56","slug":"equipamientos","status":"publish","type":"page","link":"https:\/\/www.masrosset.com\/es\/equipamientos\/","title":{"rendered":"Equipamientos"},"content":{"rendered":"<div class=\"wpb-content-wrapper\"><p>[vc_row][vc_column][rev_slider_vc alias=&#8221;equipamientos&#8221;][\/vc_column][\/vc_row][vc_row][vc_column offset=&#8221;vc_hidden-sm vc_hidden-xs&#8221;][vc_column_text]<\/p>\n<div style=\"float: left; width: 45%; text-align: justify;\">\n<p style=\"color: #ecc364; font-size: 20px;\"><strong>Piscina<\/strong><\/p>\n<p>Gran piscina desbordante con zona infantil y un gran espacio donde tomar el sol y refrescarse.<\/p>\n<p style=\"color: #ecc364; font-size: 20px;\"><strong>Barbacoa<\/strong><\/p>\n<p>Barbacoa y horno de piedra de dise\u00f1o con lavavajillas y refrigerador. Incluye todas facilidades para disfrutar de una buena comida al aire libre.<\/p>\n<p style=\"color: #ecc364; font-size: 20px;\"><strong>Gimnasio<\/strong><\/p>\n<p>Sala de fitness equipada con cinta de correr, bici de spinning y multiestacion de musculaci\u00f3n, con vistas al jard\u00edn, la piscina y las monta\u00f1as de los pirineos.<\/p>\n<p style=\"color: #ecc364; font-size: 20px;\"><strong>Spa<\/strong><\/p>\n<p>Jacuzzi climatizado y sauna finlandesa con el ambiente armonizado por la iluminaci\u00f3n indirecta y el hilo musical. ideal para hacer de la estada todo un placer.<\/p>\n<p style=\"color: #ecc364; font-size: 20px;\"><strong>P\u00e1del<\/strong><\/p>\n<p>Pista de p\u00e1del con vistas panor\u00e1micas para disfrutar del juego en medio de la naturaleza.<\/p>\n<p style=\"color: #ecc364; font-size: 20px;\"><strong>Cinema<\/strong><\/p>\n<p>Sala equipada con la mejor tecnolog\u00eda de imagen i sonido para disfrutar de las pel\u00edculas con la m\u00e1ximas prestaciones sin salir de la mas\u00eda.<\/p>\n<p style=\"color: #ecc364; font-size: 20px;\"><strong>Sala de reuniones<\/strong><\/p>\n<p>Espacio audiovisual con mesa de reuniones de mas de 10 personas ideal para hacer videoconferencias y presentaciones equipada con TV y camera web, juntamente con la conexi\u00f3n a internet por fibra \u00f3ptica de la mas\u00eda.<\/p>\n<p style=\"color: #ecc364; font-size: 20px;\"><strong>Chill out<\/strong><\/p>\n<p>Ante unas vistas id\u00edlicas y con sistema musical, perfecto para relajarse en compa\u00f1\u00eda de familia y amigos.<\/p>\n<p style=\"color: #ecc364; font-size: 20px;\"><strong>Sala de masages<\/strong><\/p>\n<p>Acogedor espacio con todas las facilidades para ofrecer un servicio de masaje de calidad y personalizados seg\u00fan las necesidades del cliente, si tenerse que desplazar.<\/p>\n<p>Servicio no incluido al precio del alojamiento. Consultar tarifas y disponibilidades.<\/p>\n<\/div>\n<div style=\"float: right; width: 45%; text-align: justify;\">\n<p style=\"color: #ecc364; font-size: 20px;\"><strong>Servicios adicionales<\/strong><b>\u00a0<\/b><\/p>\n<p>Mas Rosset est\u00e1 totalmente equipado y amueblado al m\u00e1s alto nivel con el fin de hacer su estancia inolvidable.<\/p>\n<p>Las instalaciones incluyen fibra \u00f3ptica, Wi-Fi, Smart TV y sistema musical v\u00eda radio y Bluetooth independiente para las zonas comunes, barbacoa, piscina y zona chill out.<\/p>\n<p>Mas Rosset tambi\u00e9n ofrece una serie de servicios adicionales y opcionales que le ayudar\u00e1n a disfrutar de sus d\u00edas de descanso:<\/p>\n<p>&#8211; Servicio de chef.<\/p>\n<p>&#8211; Recepci\u00f3n y bienvenida en el aeropuerto.<\/p>\n<p>&#8211; Proveer nevera y despensa.<\/p>\n<p>&#8211; Servicio de masaje.<\/p>\n<p>&nbsp;<\/p>\n<div style=\"text-align: center;\"><span id=\"button-pop-up\">ESPECIFICACIONES<\/span><\/div>\n<\/div>\n<div style=\"clear: both;\"><\/div>\n<p>[\/vc_column_text][\/vc_column][\/vc_row][vc_row][vc_column offset=&#8221;vc_hidden-lg vc_hidden-md vc_hidden-sm&#8221; el_class=&#8221;vc_tta-o-non-responsive&#8221;][vc_column_text]<\/p>\n<p style=\"color: #ecc364; font-size: 20px;\"><strong>Piscina<\/strong><\/p>\n<p>Gran piscina desbordante con zona infantil y un gran espacio donde tomar el sol y refrescarse.<\/p>\n<p style=\"color: #ecc364; font-size: 20px;\"><strong>Barbacoa<\/strong><\/p>\n<p>Barbacoa y horno de piedra de dise\u00f1o con lavavajillas y refrigerador. Incluye todas facilidades para disfrutar de una buena comida al aire libre.<\/p>\n<p style=\"color: #ecc364; font-size: 20px;\"><strong>Gimnasio<\/strong><\/p>\n<p>Sala de fitness equipada con cinta de correr, bici de spinning y multiestacion de musculaci\u00f3n, con vistas al jard\u00edn, la piscina y las monta\u00f1as de los pirineos.<\/p>\n<p style=\"color: #ecc364; font-size: 20px;\"><strong>Spa<\/strong><\/p>\n<p>Jacuzzi climatizado y sauna finlandesa con el ambiente armonizado por la iluminaci\u00f3n indirecta y el hilo musical. ideal para hacer de la estada todo un placer.<\/p>\n<p style=\"color: #ecc364; font-size: 20px;\"><strong>P\u00e1del<\/strong><\/p>\n<p>Pista de p\u00e1del con vistas panor\u00e1micas para disfrutar del juego en medio de la naturaleza.<\/p>\n<p style=\"color: #ecc364; font-size: 20px;\"><strong>Cinema<\/strong><\/p>\n<p>Sala equipada con la mejor tecnolog\u00eda de imagen i sonido para disfrutar de las pel\u00edculas con la m\u00e1ximas prestaciones sin salir de la mas\u00eda.<\/p>\n<p style=\"color: #ecc364; font-size: 20px;\"><strong>Sala de reuniones<\/strong><\/p>\n<p>Espacio audiovisual con mesa de reuniones de mas de 10 personas ideal para hacer videoconferencias y presentaciones equipada con TV y camera web, juntamente con la conexi\u00f3n a internet por fibra \u00f3ptica de la mas\u00eda.<\/p>\n<p style=\"color: #ecc364; font-size: 20px;\"><strong>Chill out<\/strong><\/p>\n<p>Ante unas vistas id\u00edlicas y con sistema musical, perfecto para relajarse en compa\u00f1\u00eda de familia y amigos.<\/p>\n<p style=\"color: #ecc364; font-size: 20px;\"><strong>Sala de masages<\/strong><\/p>\n<p>Acogedor espacio con todas las facilidades para ofrecer un servicio de masaje de calidad y personalizados seg\u00fan las necesidades del cliente, si tenerse que desplazar.<\/p>\n<p>Servicio no incluido al precio del alojamiento. Consultar tarifas y disponibilidades.<\/p>\n<p>&nbsp;<\/p>\n<p style=\"color: #ecc364; font-size: 20px;\"><strong>Servicios adicionales<\/strong><b>\u00a0<\/b><\/p>\n<p style=\"text-align: justify;\">Mas Rosset est\u00e1 totalmente equipado y amueblado al m\u00e1s alto nivel con el fin de hacer su estancia inolvidable.<\/p>\n<p style=\"text-align: justify;\">Las instalaciones incluyen fibra \u00f3ptica, Wi-Fi, Smart TV y sistema musical v\u00eda radio y Bluetooth independiente para las zonas comunes, barbacoa, piscina y zona chill out.<\/p>\n<p style=\"text-align: justify;\">Mas Rosset tambi\u00e9n ofrece una serie de servicios adicionales y opcionales que le ayudar\u00e1n a disfrutar de sus d\u00edas de descanso:<\/p>\n<p style=\"text-align: justify;\">&#8211; Servicio de chef.<\/p>\n<p style=\"text-align: justify;\">&#8211; Recepci\u00f3n y bienvenida en el aeropuerto.<\/p>\n<p style=\"text-align: justify;\">&#8211; Proveer nevera y despensa.<\/p>\n<p>&#8211; Servicio de masaje.<\/p>\n<p style=\"text-align: center;\"><span id=\"button-pop-up\"> ESPECIFICACIONES <\/span><\/p>\n<div style=\"clear: both;\"><\/div>\n<p>[\/vc_column_text][\/vc_column][\/vc_row][vc_row][vc_column offset=&#8221;vc_hidden-lg vc_hidden-md vc_hidden-xs&#8221; el_class=&#8221;vc_tta-o-non-responsive&#8221;][vc_column_text]<\/p>\n<div style=\"float: left; width: 45%; text-align: justify;\">\n<p style=\"color: #ecc364; font-size: 20px;\"><strong>Piscina<\/strong><\/p>\n<p>Gran piscina desbordante con zona infantil y un gran espacio donde tomar el sol y refrescarse.<\/p>\n<p style=\"color: #ecc364; font-size: 20px;\"><strong>Barbacoa<\/strong><\/p>\n<p>Barbacoa y horno de piedra de dise\u00f1o con lavavajillas y refrigerador. Incluye todas facilidades para disfrutar de una buena comida al aire libre.<\/p>\n<p style=\"color: #ecc364; font-size: 20px;\"><strong>Gimnasio<\/strong><\/p>\n<p>Sala de fitness equipada con cinta de correr, bici de spinning y multiestacion de musculaci\u00f3n, con vistas al jard\u00edn, la piscina y las monta\u00f1as de los pirineos.<\/p>\n<p style=\"color: #ecc364; font-size: 20px;\"><strong>Spa<\/strong><\/p>\n<p>Jacuzzi climatizado y sauna finlandesa con el ambiente armonizado por la iluminaci\u00f3n indirecta y el hilo musical. ideal para hacer de la estada todo un placer.<\/p>\n<p style=\"color: #ecc364; font-size: 20px;\"><strong>P\u00e1del<\/strong><\/p>\n<p>Pista de p\u00e1del con vistas panor\u00e1micas para disfrutar del juego en medio de la naturaleza.<\/p>\n<p style=\"color: #ecc364; font-size: 20px;\"><strong>Cinema<\/strong><\/p>\n<p>Sala equipada con la mejor tecnolog\u00eda de imagen i sonido para disfrutar de las pel\u00edculas con la m\u00e1ximas prestaciones sin salir de la mas\u00eda.<\/p>\n<p style=\"color: #ecc364; font-size: 20px;\"><strong>Sala de reuniones<\/strong><\/p>\n<p>Espacio audiovisual con mesa de reuniones de mas de 10 personas ideal para hacer videoconferencias y presentaciones equipada con TV y camera web, juntamente con la conexi\u00f3n a internet por fibra \u00f3ptica de la mas\u00eda.<\/p>\n<p style=\"color: #ecc364; font-size: 20px;\"><strong>Chill out<\/strong><\/p>\n<p>Ante unas vistas id\u00edlicas y con sistema musical, perfecto para relajarse en compa\u00f1\u00eda de familia y amigos.<\/p>\n<p style=\"color: #ecc364; font-size: 20px;\"><strong>Sala de masages<\/strong><\/p>\n<p>Acogedor espacio con todas las facilidades para ofrecer un servicio de masaje de calidad y personalizados seg\u00fan las necesidades del cliente, si tenerse que desplazar.<\/p>\n<p>Servicio no incluido al precio del alojamiento. Consultar tarifas y disponibilidades.<\/p>\n<\/div>\n<div style=\"float: right; width: 45%; text-align: justify;\">\n<p style=\"color: #ecc364; font-size: 20px;\"><strong>Servicios adicionales<\/strong><b>\u00a0<\/b><\/p>\n<p>Mas Rosset est\u00e1 totalmente equipado y amueblado al m\u00e1s alto nivel con el fin de hacer su estancia inolvidable.<\/p>\n<p>Las instalaciones incluyen fibra \u00f3ptica, Wi-Fi, Smart TV y sistema musical v\u00eda radio y Bluetooth independiente para las zonas comunes, barbacoa, piscina y zona chill out.<\/p>\n<p>Mas Rosset tambi\u00e9n ofrece una serie de servicios adicionales y opcionales que le ayudar\u00e1n a disfrutar de sus d\u00edas de descanso:<\/p>\n<p>&#8211; Servicio de chef.<\/p>\n<p>&#8211; Recepci\u00f3n y bienvenida en el aeropuerto.<\/p>\n<p>&#8211; Proveer nevera y despensa.<\/p>\n<p>&#8211; Servicio de masaje.<\/p>\n<p style=\"text-align: center;\"><span id=\"button-pop-up\"> ESPECIFICACIONES <\/span><\/p>\n<p>&nbsp;<\/p>\n<\/div>\n<div style=\"clear: both;\"><\/div>\n<p>[\/vc_column_text][\/vc_column][\/vc_row]<\/p>\n<\/div>","protected":false},"excerpt":{"rendered":"<p>[vc_row][vc_column][rev_slider_vc alias=&#8221;equipamientos&#8221;][\/vc_column][\/vc_row][vc_row][vc_column offset=&#8221;vc_hidden-sm vc_hidden-xs&#8221;][vc_column_text] Piscina Gran piscina desbordante con zona infantil y un gran espacio donde tomar el sol y refrescarse. Barbacoa Barbacoa y horno de piedra de dise\u00f1o con lavavajillas y refrigerador. Incluye todas facilidades para disfrutar de una buena comida al aire libre. Gimnasio Sala de fitness equipada con cinta de correr, bici [&hellip;]<\/p>\n","protected":false},"author":1,"featured_media":0,"parent":0,"menu_order":0,"comment_status":"closed","ping_status":"closed","template":"page-templates\/template-fullwidth.php","meta":{"footnotes":""},"class_list":["post-1610","page","type-page","status-publish","hentry"],"yoast_head":"<!-- This site is optimized with the Yoast SEO plugin v26.4 - https:\/\/yoast.com\/wordpress\/plugins\/seo\/ -->\n<title>Equipamientos - Mas Rosset<\/title>\n<meta name=\"robots\" content=\"index, follow, max-snippet:-1, max-image-preview:large, max-video-preview:-1\" \/>\n<link rel=\"canonical\" href=\"https:\/\/www.masrosset.com\/es\/equipamientos\/\" \/>\n<meta property=\"og:locale\" content=\"es_ES\" \/>\n<meta property=\"og:type\" content=\"article\" \/>\n<meta property=\"og:title\" content=\"Equipamientos - Mas Rosset\" \/>\n<meta property=\"og:description\" content=\"[vc_row][vc_column][rev_slider_vc alias=&#8221;equipamientos&#8221;][\/vc_column][\/vc_row][vc_row][vc_column offset=&#8221;vc_hidden-sm vc_hidden-xs&#8221;][vc_column_text] Piscina Gran piscina desbordante con zona infantil y un gran espacio donde tomar el sol y refrescarse. Barbacoa Barbacoa y horno de piedra de dise\u00f1o con lavavajillas y refrigerador. Incluye todas facilidades para disfrutar de una buena comida al aire libre. Gimnasio Sala de fitness equipada con cinta de correr, bici [&hellip;]\" \/>\n<meta property=\"og:url\" content=\"https:\/\/www.masrosset.com\/es\/equipamientos\/\" \/>\n<meta property=\"og:site_name\" content=\"Mas Rosset\" \/>\n<meta property=\"article:modified_time\" content=\"2020-12-09T20:58:56+00:00\" \/>\n<meta name=\"twitter:card\" content=\"summary_large_image\" \/>\n<meta name=\"twitter:label1\" content=\"Tiempo de lectura\" \/>\n\t<meta name=\"twitter:data1\" content=\"6 minutos\" \/>\n<script type=\"application\/ld+json\" class=\"yoast-schema-graph\">{\"@context\":\"https:\/\/schema.org\",\"@graph\":[{\"@type\":\"WebPage\",\"@id\":\"https:\/\/www.masrosset.com\/es\/equipamientos\/\",\"url\":\"https:\/\/www.masrosset.com\/es\/equipamientos\/\",\"name\":\"Equipamientos - Mas Rosset\",\"isPartOf\":{\"@id\":\"https:\/\/www.masrosset.com\/#website\"},\"datePublished\":\"2017-05-17T14:55:25+00:00\",\"dateModified\":\"2020-12-09T20:58:56+00:00\",\"breadcrumb\":{\"@id\":\"https:\/\/www.masrosset.com\/es\/equipamientos\/#breadcrumb\"},\"inLanguage\":\"es\",\"potentialAction\":[{\"@type\":\"ReadAction\",\"target\":[\"https:\/\/www.masrosset.com\/es\/equipamientos\/\"]}]},{\"@type\":\"BreadcrumbList\",\"@id\":\"https:\/\/www.masrosset.com\/es\/equipamientos\/#breadcrumb\",\"itemListElement\":[{\"@type\":\"ListItem\",\"position\":1,\"name\":\"Home\",\"item\":\"https:\/\/www.masrosset.com\/es\/\"},{\"@type\":\"ListItem\",\"position\":2,\"name\":\"Equipamientos\"}]},{\"@type\":\"WebSite\",\"@id\":\"https:\/\/www.masrosset.com\/#website\",\"url\":\"https:\/\/www.masrosset.com\/\",\"name\":\"Mas Rosset\",\"description\":\"Mas\u00eda r\u00fastica rural para alquilar en Costa Brava, Girona\",\"potentialAction\":[{\"@type\":\"SearchAction\",\"target\":{\"@type\":\"EntryPoint\",\"urlTemplate\":\"https:\/\/www.masrosset.com\/?s={search_term_string}\"},\"query-input\":{\"@type\":\"PropertyValueSpecification\",\"valueRequired\":true,\"valueName\":\"search_term_string\"}}],\"inLanguage\":\"es\"}]}<\/script>\n<!-- \/ Yoast SEO plugin. -->","yoast_head_json":{"title":"Equipamientos - Mas Rosset","robots":{"index":"index","follow":"follow","max-snippet":"max-snippet:-1","max-image-preview":"max-image-preview:large","max-video-preview":"max-video-preview:-1"},"canonical":"https:\/\/www.masrosset.com\/es\/equipamientos\/","og_locale":"es_ES","og_type":"article","og_title":"Equipamientos - Mas Rosset","og_description":"[vc_row][vc_column][rev_slider_vc alias=&#8221;equipamientos&#8221;][\/vc_column][\/vc_row][vc_row][vc_column offset=&#8221;vc_hidden-sm vc_hidden-xs&#8221;][vc_column_text] Piscina Gran piscina desbordante con zona infantil y un gran espacio donde tomar el sol y refrescarse. Barbacoa Barbacoa y horno de piedra de dise\u00f1o con lavavajillas y refrigerador. Incluye todas facilidades para disfrutar de una buena comida al aire libre. Gimnasio Sala de fitness equipada con cinta de correr, bici [&hellip;]","og_url":"https:\/\/www.masrosset.com\/es\/equipamientos\/","og_site_name":"Mas Rosset","article_modified_time":"2020-12-09T20:58:56+00:00","twitter_card":"summary_large_image","twitter_misc":{"Tiempo de lectura":"6 minutos"},"schema":{"@context":"https:\/\/schema.org","@graph":[{"@type":"WebPage","@id":"https:\/\/www.masrosset.com\/es\/equipamientos\/","url":"https:\/\/www.masrosset.com\/es\/equipamientos\/","name":"Equipamientos - Mas Rosset","isPartOf":{"@id":"https:\/\/www.masrosset.com\/#website"},"datePublished":"2017-05-17T14:55:25+00:00","dateModified":"2020-12-09T20:58:56+00:00","breadcrumb":{"@id":"https:\/\/www.masrosset.com\/es\/equipamientos\/#breadcrumb"},"inLanguage":"es","potentialAction":[{"@type":"ReadAction","target":["https:\/\/www.masrosset.com\/es\/equipamientos\/"]}]},{"@type":"BreadcrumbList","@id":"https:\/\/www.masrosset.com\/es\/equipamientos\/#breadcrumb","itemListElement":[{"@type":"ListItem","position":1,"name":"Home","item":"https:\/\/www.masrosset.com\/es\/"},{"@type":"ListItem","position":2,"name":"Equipamientos"}]},{"@type":"WebSite","@id":"https:\/\/www.masrosset.com\/#website","url":"https:\/\/www.masrosset.com\/","name":"Mas Rosset","description":"Mas\u00eda r\u00fastica rural para alquilar en Costa Brava, Girona","potentialAction":[{"@type":"SearchAction","target":{"@type":"EntryPoint","urlTemplate":"https:\/\/www.masrosset.com\/?s={search_term_string}"},"query-input":{"@type":"PropertyValueSpecification","valueRequired":true,"valueName":"search_term_string"}}],"inLanguage":"es"}]}},"_links":{"self":[{"href":"https:\/\/www.masrosset.com\/es\/wp-json\/wp\/v2\/pages\/1610","targetHints":{"allow":["GET"]}}],"collection":[{"href":"https:\/\/www.masrosset.com\/es\/wp-json\/wp\/v2\/pages"}],"about":[{"href":"https:\/\/www.masrosset.com\/es\/wp-json\/wp\/v2\/types\/page"}],"author":[{"embeddable":true,"href":"https:\/\/www.masrosset.com\/es\/wp-json\/wp\/v2\/users\/1"}],"replies":[{"embeddable":true,"href":"https:\/\/www.masrosset.com\/es\/wp-json\/wp\/v2\/comments?post=1610"}],"version-history":[{"count":40,"href":"https:\/\/www.masrosset.com\/es\/wp-json\/wp\/v2\/pages\/1610\/revisions"}],"predecessor-version":[{"id":3995,"href":"https:\/\/www.masrosset.com\/es\/wp-json\/wp\/v2\/pages\/1610\/revisions\/3995"}],"wp:attachment":[{"href":"https:\/\/www.masrosset.com\/es\/wp-json\/wp\/v2\/media?parent=1610"}],"curies":[{"name":"wp","href":"https:\/\/api.w.org\/{rel}","templated":true}]}}