{"id":1597,"date":"2017-05-17T14:13:15","date_gmt":"2017-05-17T14:13:15","guid":{"rendered":"http:\/\/www.masrosset.com\/?page_id=1597"},"modified":"2023-05-16T16:05:45","modified_gmt":"2023-05-16T16:05:45","slug":"habitaciones","status":"publish","type":"page","link":"https:\/\/www.masrosset.com\/es\/habitaciones\/","title":{"rendered":"Habitaciones"},"content":{"rendered":"<div class=\"wpb-content-wrapper\"><p>[vc_row][vc_column][rev_slider_vc alias=&#8221;habitaciones&#8221;][\/vc_column][\/vc_row][vc_row][vc_column offset=&#8221;vc_hidden-sm vc_hidden-xs&#8221;][vc_column_text]<\/p>\n<div style=\"float: left; width: 45%;\">\n<p style=\"color: #ecc364; font-size: 20px;\"><strong>Habitaciones<\/strong><\/p>\n<p style=\"text-align: justify;\">Mas Rosset es ideal para grupos de hasta 20 personas con total comodidad, en 8 habitaciones dobles con ba\u00f1o privado. Cabe destacar una decoraci\u00f3n cuidada hasta el \u00faltimo detalle, respirando un ambiente elegante y refinado.<\/p>\n<p>&nbsp;<\/p>\n<p style=\"color: #ecc364; font-size: 20px;\"><strong>Especificaciones<\/strong><\/p>\n<p>Mida de la cama: King size (1 cama de 180&#215;200 cm o 2 camas de 90&#215;200 cm)<br \/>\nCalefacci\u00f3n<br \/>\nAire acondicionado<br \/>\nSmart TV<br \/>\nButaca<br \/>\nCaja fuerte<br \/>\nBa\u00f1era hidromasaje o torre de ducha hidromasaje<br \/>\nLavabo<br \/>\nSecador de pelo<br \/>\nEspejo de aumento<br \/>\nToallero radiador<br \/>\nPaquete de bienvenida<br \/>\n<strong>Suite Crisantem<\/strong>: Adaptada a personas con movilidad reducida (planta baja)<\/p>\n<p>&nbsp;<\/p>\n<\/div>\n<div style=\"float: right; width: 45%;\">\n<p style=\"color: #ecc364; font-size: 20px;\"><strong>Servicios adicionales<\/strong><b>\u00a0<\/b><\/p>\n<p>Mas Rosset est\u00e1 totalmente equipado y amueblado al m\u00e1s alto nivel con el fin de hacer su estancia inolvidable.Las instalaciones incluyen fibra \u00f3ptica, Wi-Fi, Smart TV y sistema musical v\u00eda radio y Bluetooth independiente para las zonas comunes, barbacoa, piscina y zona chill out.<\/p>\n<p>Mas Rosset tambi\u00e9n ofrece una serie de servicios adicionales y opcionales que le ayudar\u00e1n a disfrutar de sus d\u00edas de descanso:<\/p>\n<p>&#8211; Servicio de chef.<\/p>\n<p>&#8211; Recepci\u00f3n y bienvenida en el aeropuerto.<\/p>\n<p>&#8211; Proveer nevera y despensa.<\/p>\n<p>&#8211; Servicio de masaje.<\/p>\n<p>&nbsp;<\/p>\n<div style=\"text-align: center;\"><span id=\"button-pop-up\" style=\"text-align: center;\">ESPECIFICACIONES<\/span><\/div>\n<p>&nbsp;<\/p>\n<\/div>\n<p>[\/vc_column_text][\/vc_column][\/vc_row][vc_row][vc_column offset=&#8221;vc_hidden-lg vc_hidden-md vc_hidden-sm&#8221; el_class=&#8221;vc_tta-o-non-responsive&#8221;][vc_column_text]<\/p>\n<p style=\"color: #ecc364; font-size: 20px;\"><strong>Habitaciones<\/strong><\/p>\n<p style=\"text-align: justify;\">Mas Rosset es ideal para grupos de hasta 20 personas con total comodidad, en 8 habitaciones dobles con ba\u00f1o privado. Cabe destacar una decoraci\u00f3n cuidada hasta el \u00faltimo detalle, respirando un ambiente elegante y refinado.<\/p>\n<p style=\"color: #ecc364; font-size: 20px;\"><strong>Especificaciones<\/strong><\/p>\n<p>Mida de la cama: King size (1 cama de 180&#215;200 cm o 2 camas de 90&#215;200 cm)<br \/>\nCalefacci\u00f3n<br \/>\nAire acondicionado<br \/>\nSmart TV<br \/>\nButaca<br \/>\nCaja fuerte<br \/>\nBa\u00f1era hidromasaje o torre de ducha hidromasaje<br \/>\nLavabo<br \/>\nSecador de pelo<br \/>\nEspejo de aumento<br \/>\nToallero radiador<br \/>\nPaquete de bienvenida<br \/>\n<strong>Suite Crisantem:<\/strong> Adaptada a personas con movilidad reducida (planta baja)<\/p>\n<p style=\"color: #ecc364; font-size: 20px;\"><strong>Servicios adicionales<\/strong><b>\u00a0<\/b><\/p>\n<p>Mas Rosset est\u00e1 totalmente equipado y amueblado al m\u00e1s alto nivel con el fin de hacer su estancia inolvidable.Las instalaciones incluyen fibra \u00f3ptica, Wi-Fi, Smart TV y sistema musical v\u00eda radio y Bluetooth independiente para las zonas comunes, barbacoa, piscina y zona chill out.<\/p>\n<p>Mas Rosset tambi\u00e9n ofrece una serie de servicios adicionales y opcionales que le ayudar\u00e1n a disfrutar de sus d\u00edas de descanso:<\/p>\n<p>&#8211; Servicio de chef.<\/p>\n<p>&#8211; Recepci\u00f3n y bienvenida en el aeropuerto.<\/p>\n<p>&#8211; Proveer nevera y despensa.<\/p>\n<p>&#8211; Servicio de masaje.<\/p>\n<p>&nbsp;<\/p>\n<div style=\"text-align: center;\"><span id=\"button-pop-up\" style=\"text-align: center;\">ESPECIFICACIONES<\/span><\/div>\n<p>[\/vc_column_text][\/vc_column][\/vc_row][vc_row][vc_column offset=&#8221;vc_hidden-lg vc_hidden-md vc_hidden-xs&#8221; el_class=&#8221;vc_tta-o-non-responsive&#8221;][vc_column_text]<\/p>\n<p style=\"color: #ecc364; font-size: 20px;\"><strong>Habitaciones<\/strong><\/p>\n<p style=\"text-align: justify;\">Mas Rosset es ideal para grupos de hasta 20 personas con total comodidad, en 8 habitaciones dobles con ba\u00f1o privado. Cabe destacar una decoraci\u00f3n cuidada hasta el \u00faltimo detalle, respirando un ambiente elegante y refinado.<\/p>\n<p style=\"color: #ecc364; font-size: 20px;\"><strong>Especificaciones<\/strong><\/p>\n<p>Mida de la cama: King size (1 cama de 180&#215;200 cm o 2 camas de 90&#215;200 cm)<br \/>\nCalefacci\u00f3n<br \/>\nAire acondicionado<br \/>\nSmart TV<br \/>\nButaca<br \/>\nCaja fuerte<br \/>\nBa\u00f1era hidromasaje o torre de ducha hidromasaje<br \/>\nLavabo<br \/>\nSecador de pelo<br \/>\nEspejo de aumento<br \/>\nToallero radiador<br \/>\nPaquete de bienvenida<br \/>\nSuite Crisantem: Adaptada a personas con movilidad reducida (planta baja)<\/p>\n<p style=\"color: #ecc364; font-size: 20px;\"><strong>Servicios adicionales<\/strong><b>\u00a0<\/b><\/p>\n<p>Mas Rosset est\u00e1 totalmente equipado y amueblado al m\u00e1s alto nivel con el fin de hacer su estancia inolvidable.Las instalaciones incluyen fibra \u00f3ptica, Wi-Fi, Smart TV y sistema musical v\u00eda radio y Bluetooth independiente para las zonas comunes, barbacoa, piscina y zona chill out.<\/p>\n<p>Mas Rosset tambi\u00e9n ofrece una serie de servicios adicionales y opcionales que le ayudar\u00e1n a disfrutar de sus d\u00edas de descanso:<\/p>\n<p>&#8211; Servicio de chef.<\/p>\n<p>&#8211; Recepci\u00f3n y bienvenida en el aeropuerto.<\/p>\n<p>&#8211; Proveer nevera y despensa.<\/p>\n<p>&#8211; Servicio de masaje.<\/p>\n<p>&nbsp;<\/p>\n<div style=\"text-align: center;\"><span id=\"button-pop-up\" style=\"text-align: center;\">ESPECIFICACIONES<\/span><\/div>\n<p>[\/vc_column_text][\/vc_column][\/vc_row]<\/p>\n<\/div>","protected":false},"excerpt":{"rendered":"<p>[vc_row][vc_column][rev_slider_vc alias=&#8221;habitaciones&#8221;][\/vc_column][\/vc_row][vc_row][vc_column offset=&#8221;vc_hidden-sm vc_hidden-xs&#8221;][vc_column_text] Habitaciones Mas Rosset es ideal para grupos de hasta 20 personas con total comodidad, en 8 habitaciones dobles con ba\u00f1o privado. Cabe destacar una decoraci\u00f3n cuidada hasta el \u00faltimo detalle, respirando un ambiente elegante y refinado. &nbsp; Especificaciones Mida de la cama: King size (1 cama de 180&#215;200 cm o 2 [&hellip;]<\/p>\n","protected":false},"author":1,"featured_media":0,"parent":0,"menu_order":0,"comment_status":"closed","ping_status":"closed","template":"page-templates\/template-fullwidth.php","meta":{"footnotes":""},"class_list":["post-1597","page","type-page","status-publish","hentry"],"yoast_head":"<!-- This site is optimized with the Yoast SEO plugin v26.4 - https:\/\/yoast.com\/wordpress\/plugins\/seo\/ -->\n<title>Habitaciones - Mas Rosset<\/title>\n<meta name=\"robots\" content=\"index, follow, max-snippet:-1, max-image-preview:large, max-video-preview:-1\" \/>\n<link rel=\"canonical\" href=\"https:\/\/www.masrosset.com\/es\/habitaciones\/\" \/>\n<meta property=\"og:locale\" content=\"es_ES\" \/>\n<meta property=\"og:type\" content=\"article\" \/>\n<meta property=\"og:title\" content=\"Habitaciones - Mas Rosset\" \/>\n<meta property=\"og:description\" content=\"[vc_row][vc_column][rev_slider_vc alias=&#8221;habitaciones&#8221;][\/vc_column][\/vc_row][vc_row][vc_column offset=&#8221;vc_hidden-sm vc_hidden-xs&#8221;][vc_column_text] Habitaciones Mas Rosset es ideal para grupos de hasta 20 personas con total comodidad, en 8 habitaciones dobles con ba\u00f1o privado. Cabe destacar una decoraci\u00f3n cuidada hasta el \u00faltimo detalle, respirando un ambiente elegante y refinado. &nbsp; Especificaciones Mida de la cama: King size (1 cama de 180&#215;200 cm o 2 [&hellip;]\" \/>\n<meta property=\"og:url\" content=\"https:\/\/www.masrosset.com\/es\/habitaciones\/\" \/>\n<meta property=\"og:site_name\" content=\"Mas Rosset\" \/>\n<meta property=\"article:modified_time\" content=\"2023-05-16T16:05:45+00:00\" \/>\n<meta name=\"twitter:card\" content=\"summary_large_image\" \/>\n<meta name=\"twitter:label1\" content=\"Tiempo de lectura\" \/>\n\t<meta name=\"twitter:data1\" content=\"3 minutos\" \/>\n<script type=\"application\/ld+json\" class=\"yoast-schema-graph\">{\"@context\":\"https:\/\/schema.org\",\"@graph\":[{\"@type\":\"WebPage\",\"@id\":\"https:\/\/www.masrosset.com\/es\/habitaciones\/\",\"url\":\"https:\/\/www.masrosset.com\/es\/habitaciones\/\",\"name\":\"Habitaciones - Mas Rosset\",\"isPartOf\":{\"@id\":\"https:\/\/www.masrosset.com\/#website\"},\"datePublished\":\"2017-05-17T14:13:15+00:00\",\"dateModified\":\"2023-05-16T16:05:45+00:00\",\"breadcrumb\":{\"@id\":\"https:\/\/www.masrosset.com\/es\/habitaciones\/#breadcrumb\"},\"inLanguage\":\"es\",\"potentialAction\":[{\"@type\":\"ReadAction\",\"target\":[\"https:\/\/www.masrosset.com\/es\/habitaciones\/\"]}]},{\"@type\":\"BreadcrumbList\",\"@id\":\"https:\/\/www.masrosset.com\/es\/habitaciones\/#breadcrumb\",\"itemListElement\":[{\"@type\":\"ListItem\",\"position\":1,\"name\":\"Home\",\"item\":\"https:\/\/www.masrosset.com\/es\/\"},{\"@type\":\"ListItem\",\"position\":2,\"name\":\"Habitaciones\"}]},{\"@type\":\"WebSite\",\"@id\":\"https:\/\/www.masrosset.com\/#website\",\"url\":\"https:\/\/www.masrosset.com\/\",\"name\":\"Mas Rosset\",\"description\":\"Mas\u00eda r\u00fastica rural para alquilar en Costa Brava, Girona\",\"potentialAction\":[{\"@type\":\"SearchAction\",\"target\":{\"@type\":\"EntryPoint\",\"urlTemplate\":\"https:\/\/www.masrosset.com\/?s={search_term_string}\"},\"query-input\":{\"@type\":\"PropertyValueSpecification\",\"valueRequired\":true,\"valueName\":\"search_term_string\"}}],\"inLanguage\":\"es\"}]}<\/script>\n<!-- \/ Yoast SEO plugin. -->","yoast_head_json":{"title":"Habitaciones - Mas Rosset","robots":{"index":"index","follow":"follow","max-snippet":"max-snippet:-1","max-image-preview":"max-image-preview:large","max-video-preview":"max-video-preview:-1"},"canonical":"https:\/\/www.masrosset.com\/es\/habitaciones\/","og_locale":"es_ES","og_type":"article","og_title":"Habitaciones - Mas Rosset","og_description":"[vc_row][vc_column][rev_slider_vc alias=&#8221;habitaciones&#8221;][\/vc_column][\/vc_row][vc_row][vc_column offset=&#8221;vc_hidden-sm vc_hidden-xs&#8221;][vc_column_text] Habitaciones Mas Rosset es ideal para grupos de hasta 20 personas con total comodidad, en 8 habitaciones dobles con ba\u00f1o privado. Cabe destacar una decoraci\u00f3n cuidada hasta el \u00faltimo detalle, respirando un ambiente elegante y refinado. &nbsp; Especificaciones Mida de la cama: King size (1 cama de 180&#215;200 cm o 2 [&hellip;]","og_url":"https:\/\/www.masrosset.com\/es\/habitaciones\/","og_site_name":"Mas Rosset","article_modified_time":"2023-05-16T16:05:45+00:00","twitter_card":"summary_large_image","twitter_misc":{"Tiempo de lectura":"3 minutos"},"schema":{"@context":"https:\/\/schema.org","@graph":[{"@type":"WebPage","@id":"https:\/\/www.masrosset.com\/es\/habitaciones\/","url":"https:\/\/www.masrosset.com\/es\/habitaciones\/","name":"Habitaciones - Mas Rosset","isPartOf":{"@id":"https:\/\/www.masrosset.com\/#website"},"datePublished":"2017-05-17T14:13:15+00:00","dateModified":"2023-05-16T16:05:45+00:00","breadcrumb":{"@id":"https:\/\/www.masrosset.com\/es\/habitaciones\/#breadcrumb"},"inLanguage":"es","potentialAction":[{"@type":"ReadAction","target":["https:\/\/www.masrosset.com\/es\/habitaciones\/"]}]},{"@type":"BreadcrumbList","@id":"https:\/\/www.masrosset.com\/es\/habitaciones\/#breadcrumb","itemListElement":[{"@type":"ListItem","position":1,"name":"Home","item":"https:\/\/www.masrosset.com\/es\/"},{"@type":"ListItem","position":2,"name":"Habitaciones"}]},{"@type":"WebSite","@id":"https:\/\/www.masrosset.com\/#website","url":"https:\/\/www.masrosset.com\/","name":"Mas Rosset","description":"Mas\u00eda r\u00fastica rural para alquilar en Costa Brava, Girona","potentialAction":[{"@type":"SearchAction","target":{"@type":"EntryPoint","urlTemplate":"https:\/\/www.masrosset.com\/?s={search_term_string}"},"query-input":{"@type":"PropertyValueSpecification","valueRequired":true,"valueName":"search_term_string"}}],"inLanguage":"es"}]}},"_links":{"self":[{"href":"https:\/\/www.masrosset.com\/es\/wp-json\/wp\/v2\/pages\/1597","targetHints":{"allow":["GET"]}}],"collection":[{"href":"https:\/\/www.masrosset.com\/es\/wp-json\/wp\/v2\/pages"}],"about":[{"href":"https:\/\/www.masrosset.com\/es\/wp-json\/wp\/v2\/types\/page"}],"author":[{"embeddable":true,"href":"https:\/\/www.masrosset.com\/es\/wp-json\/wp\/v2\/users\/1"}],"replies":[{"embeddable":true,"href":"https:\/\/www.masrosset.com\/es\/wp-json\/wp\/v2\/comments?post=1597"}],"version-history":[{"count":76,"href":"https:\/\/www.masrosset.com\/es\/wp-json\/wp\/v2\/pages\/1597\/revisions"}],"predecessor-version":[{"id":4742,"href":"https:\/\/www.masrosset.com\/es\/wp-json\/wp\/v2\/pages\/1597\/revisions\/4742"}],"wp:attachment":[{"href":"https:\/\/www.masrosset.com\/es\/wp-json\/wp\/v2\/media?parent=1597"}],"curies":[{"name":"wp","href":"https:\/\/api.w.org\/{rel}","templated":true}]}}