{"id":1500,"date":"2017-05-09T08:52:06","date_gmt":"2017-05-09T08:52:06","guid":{"rendered":"http:\/\/www.masrosset.com\/?page_id=1500"},"modified":"2017-07-27T14:10:23","modified_gmt":"2017-07-27T14:10:23","slug":"aviso-legal","status":"publish","type":"page","link":"https:\/\/www.masrosset.com\/es\/aviso-legal\/","title":{"rendered":"Aviso legal"},"content":{"rendered":"<div class=\"wpb-content-wrapper\"><p>[vc_row][vc_column width=&#8221;2\/3&#8243;][vc_column_text]El sitio web y el dominio www.masrosset.com corresponden a MASIA ROSSET S.L, con CIF B55102933\u00a0y \u200b\u200bdomicilio en Mas Rosset, de Cornell\u00e0 del Terri (CP 17844), direcci\u00f3n electr\u00f3nica info@masrosset.com\u00a0inscrita en el Registro Mercantil: Volum: 3141, Llibre 0, Foli 168, Full GI-61937, Inscripci\u00f3 1a.<\/p>\n<p><strong>Propiedad intelectual e industrial<\/strong><br \/>\nLos derechos sobre los contenidos de este sitio, incluyendo los textos, im\u00e1genes, dise\u00f1os gr\u00e1ficos, marcas y otros signos distintivos (en adelante los contenidos), pertenecen a <em>MASIA ROSSET, S.L<\/em>, oa terceros que han autorizado su uso . <em>MASIA ROSSET, S.L<\/em> presenta estos contenidos para informar de sus servicios. <em>MASIA ROSSET, S.L<\/em> autoriza la utilizaci\u00f3n de los contenidos para usos no comerciales siempre que se indique de forma clara la fuente. Si los contenidos se utilizan en entornos web ser\u00e1 necesario incluir un enlace a la p\u00e1gina de inicio del sitio web (acceso a la p\u00e1gina de inicio). <em>MASIA ROSSET, S.L<\/em> se reserva el derecho a iniciar las acciones legales oportunas en defensa de sus derechos de propiedad intelectual o industrial.<br \/>\nNo se autorizan presentaciones de los contenidos de este sitio en una ventana ajena a www.masrosset.cat\u00a0(framing).<\/p>\n<p><strong>Protecci\u00f3n de datos<\/strong><br \/>\nLos datos personales que se puedan obtener por medio del formulario de contacto de esta p\u00e1gina o bien por la recepci\u00f3n de correos electr\u00f3nicos se tratar\u00e1n aplicando las medidas de seguridad adecuadas y s\u00f3lo se utilizar\u00e1n para atender las solicitudes de informaci\u00f3n o consultas.<\/p>\n<p><strong>Responsabilidad sobre los contenidos<\/strong><br \/>\nAunque <em>MASIA ROSSET, S.L<\/em> act\u00faa con la m\u00e1xima diligencia posible, puede darse el caso de que alg\u00fan dato o informaci\u00f3n no est\u00e9 del todo actualizada en el momento que el usuario del sitio web lo consulte. Por eso <em>MASIA ROSSET, S.L<\/em> manifiesta que las referencias de los servicios que se presentan en su sitio web tienen una funci\u00f3n orientativa y no obligan a <em>MASIA ROSSET, S.L<\/em> hasta la contrataci\u00f3n expresa de un pedido .<br \/>\n<em>MASIA ROSSET, S.L<\/em> se reserva el derecho a modificar unilateralmente, en cualquier momento y sin previo aviso, la presentaci\u00f3n, configuraci\u00f3n y contenidos de la web.<br \/>\n<em>MASIA ROSSET, S.L<\/em> no ser\u00e1 responsable de la informaci\u00f3n que se pueda obtener a trav\u00e9s de enlaces incluidos en el sitio.<\/p>\n<p><strong>Condiciones de uso<\/strong><br \/>\nEl uso de este sitio web implica la aceptaci\u00f3n plena de los t\u00e9rminos y condiciones del presente aviso legal. Los posibles conflictos relativos a esta web se regir\u00e1n exclusivamente por el derecho del Estado espa\u00f1ol. Toda persona usuaria del web, independientemente de la jurisdicci\u00f3n territorial desde la que se produzca su acceso, acepta el cumplimiento y respeto de estas cl\u00e1usulas con renuncia expresa a cualquier otro fuero que pudiera ser correspondido.[\/vc_column_text][\/vc_column][vc_column width=&#8221;1\/3&#8243;][\/vc_column][\/vc_row]<\/p>\n<\/div>","protected":false},"excerpt":{"rendered":"<p>[vc_row][vc_column width=&#8221;2\/3&#8243;][vc_column_text]El sitio web y el dominio www.masrosset.com corresponden a MASIA ROSSET S.L, con CIF B55102933\u00a0y \u200b\u200bdomicilio en Mas Rosset, de Cornell\u00e0 del Terri (CP 17844), direcci\u00f3n electr\u00f3nica info@masrosset.com\u00a0inscrita en el Registro Mercantil: Volum: 3141, Llibre 0, Foli 168, Full GI-61937, Inscripci\u00f3 1a. Propiedad intelectual e industrial Los derechos sobre los contenidos de este sitio, [&hellip;]<\/p>\n","protected":false},"author":1,"featured_media":0,"parent":0,"menu_order":0,"comment_status":"closed","ping_status":"closed","template":"","meta":{"footnotes":""},"class_list":["post-1500","page","type-page","status-publish","hentry"],"yoast_head":"<!-- This site is optimized with the Yoast SEO plugin v26.4 - https:\/\/yoast.com\/wordpress\/plugins\/seo\/ -->\n<title>Aviso legal - Mas Rosset<\/title>\n<meta name=\"robots\" content=\"index, follow, max-snippet:-1, max-image-preview:large, max-video-preview:-1\" \/>\n<link rel=\"canonical\" href=\"https:\/\/www.masrosset.com\/avis-legal\/\" \/>\n<meta property=\"og:locale\" content=\"es_ES\" \/>\n<meta property=\"og:type\" content=\"article\" \/>\n<meta property=\"og:title\" content=\"Aviso legal - Mas Rosset\" \/>\n<meta property=\"og:description\" content=\"[vc_row][vc_column width=&#8221;2\/3&#8243;][vc_column_text]El sitio web y el dominio www.masrosset.com corresponden a MASIA ROSSET S.L, con CIF B55102933\u00a0y \u200b\u200bdomicilio en Mas Rosset, de Cornell\u00e0 del Terri (CP 17844), direcci\u00f3n electr\u00f3nica info@masrosset.com\u00a0inscrita en el Registro Mercantil: Volum: 3141, Llibre 0, Foli 168, Full GI-61937, Inscripci\u00f3 1a. Propiedad intelectual e industrial Los derechos sobre los contenidos de este sitio, [&hellip;]\" \/>\n<meta property=\"og:url\" content=\"https:\/\/www.masrosset.com\/avis-legal\/\" \/>\n<meta property=\"og:site_name\" content=\"Mas Rosset\" \/>\n<meta property=\"article:modified_time\" content=\"2017-07-27T14:10:23+00:00\" \/>\n<meta name=\"twitter:card\" content=\"summary_large_image\" \/>\n<meta name=\"twitter:label1\" content=\"Tiempo de lectura\" \/>\n\t<meta name=\"twitter:data1\" content=\"2 minutos\" \/>\n<script type=\"application\/ld+json\" class=\"yoast-schema-graph\">{\"@context\":\"https:\/\/schema.org\",\"@graph\":[{\"@type\":\"WebPage\",\"@id\":\"https:\/\/www.masrosset.com\/avis-legal\/\",\"url\":\"https:\/\/www.masrosset.com\/avis-legal\/\",\"name\":\"Aviso legal - Mas Rosset\",\"isPartOf\":{\"@id\":\"https:\/\/www.masrosset.com\/#website\"},\"datePublished\":\"2017-05-09T08:52:06+00:00\",\"dateModified\":\"2017-07-27T14:10:23+00:00\",\"breadcrumb\":{\"@id\":\"https:\/\/www.masrosset.com\/avis-legal\/#breadcrumb\"},\"inLanguage\":\"es\",\"potentialAction\":[{\"@type\":\"ReadAction\",\"target\":[\"https:\/\/www.masrosset.com\/avis-legal\/\"]}]},{\"@type\":\"BreadcrumbList\",\"@id\":\"https:\/\/www.masrosset.com\/avis-legal\/#breadcrumb\",\"itemListElement\":[{\"@type\":\"ListItem\",\"position\":1,\"name\":\"Home\",\"item\":\"https:\/\/www.masrosset.com\/es\/\"},{\"@type\":\"ListItem\",\"position\":2,\"name\":\"Aviso legal\"}]},{\"@type\":\"WebSite\",\"@id\":\"https:\/\/www.masrosset.com\/#website\",\"url\":\"https:\/\/www.masrosset.com\/\",\"name\":\"Mas Rosset\",\"description\":\"Mas\u00eda r\u00fastica rural para alquilar en Costa Brava, Girona\",\"potentialAction\":[{\"@type\":\"SearchAction\",\"target\":{\"@type\":\"EntryPoint\",\"urlTemplate\":\"https:\/\/www.masrosset.com\/?s={search_term_string}\"},\"query-input\":{\"@type\":\"PropertyValueSpecification\",\"valueRequired\":true,\"valueName\":\"search_term_string\"}}],\"inLanguage\":\"es\"}]}<\/script>\n<!-- \/ Yoast SEO plugin. -->","yoast_head_json":{"title":"Aviso legal - Mas Rosset","robots":{"index":"index","follow":"follow","max-snippet":"max-snippet:-1","max-image-preview":"max-image-preview:large","max-video-preview":"max-video-preview:-1"},"canonical":"https:\/\/www.masrosset.com\/avis-legal\/","og_locale":"es_ES","og_type":"article","og_title":"Aviso legal - Mas Rosset","og_description":"[vc_row][vc_column width=&#8221;2\/3&#8243;][vc_column_text]El sitio web y el dominio www.masrosset.com corresponden a MASIA ROSSET S.L, con CIF B55102933\u00a0y \u200b\u200bdomicilio en Mas Rosset, de Cornell\u00e0 del Terri (CP 17844), direcci\u00f3n electr\u00f3nica info@masrosset.com\u00a0inscrita en el Registro Mercantil: Volum: 3141, Llibre 0, Foli 168, Full GI-61937, Inscripci\u00f3 1a. Propiedad intelectual e industrial Los derechos sobre los contenidos de este sitio, [&hellip;]","og_url":"https:\/\/www.masrosset.com\/avis-legal\/","og_site_name":"Mas Rosset","article_modified_time":"2017-07-27T14:10:23+00:00","twitter_card":"summary_large_image","twitter_misc":{"Tiempo de lectura":"2 minutos"},"schema":{"@context":"https:\/\/schema.org","@graph":[{"@type":"WebPage","@id":"https:\/\/www.masrosset.com\/avis-legal\/","url":"https:\/\/www.masrosset.com\/avis-legal\/","name":"Aviso legal - Mas Rosset","isPartOf":{"@id":"https:\/\/www.masrosset.com\/#website"},"datePublished":"2017-05-09T08:52:06+00:00","dateModified":"2017-07-27T14:10:23+00:00","breadcrumb":{"@id":"https:\/\/www.masrosset.com\/avis-legal\/#breadcrumb"},"inLanguage":"es","potentialAction":[{"@type":"ReadAction","target":["https:\/\/www.masrosset.com\/avis-legal\/"]}]},{"@type":"BreadcrumbList","@id":"https:\/\/www.masrosset.com\/avis-legal\/#breadcrumb","itemListElement":[{"@type":"ListItem","position":1,"name":"Home","item":"https:\/\/www.masrosset.com\/es\/"},{"@type":"ListItem","position":2,"name":"Aviso legal"}]},{"@type":"WebSite","@id":"https:\/\/www.masrosset.com\/#website","url":"https:\/\/www.masrosset.com\/","name":"Mas Rosset","description":"Mas\u00eda r\u00fastica rural para alquilar en Costa Brava, Girona","potentialAction":[{"@type":"SearchAction","target":{"@type":"EntryPoint","urlTemplate":"https:\/\/www.masrosset.com\/?s={search_term_string}"},"query-input":{"@type":"PropertyValueSpecification","valueRequired":true,"valueName":"search_term_string"}}],"inLanguage":"es"}]}},"_links":{"self":[{"href":"https:\/\/www.masrosset.com\/es\/wp-json\/wp\/v2\/pages\/1500","targetHints":{"allow":["GET"]}}],"collection":[{"href":"https:\/\/www.masrosset.com\/es\/wp-json\/wp\/v2\/pages"}],"about":[{"href":"https:\/\/www.masrosset.com\/es\/wp-json\/wp\/v2\/types\/page"}],"author":[{"embeddable":true,"href":"https:\/\/www.masrosset.com\/es\/wp-json\/wp\/v2\/users\/1"}],"replies":[{"embeddable":true,"href":"https:\/\/www.masrosset.com\/es\/wp-json\/wp\/v2\/comments?post=1500"}],"version-history":[{"count":4,"href":"https:\/\/www.masrosset.com\/es\/wp-json\/wp\/v2\/pages\/1500\/revisions"}],"predecessor-version":[{"id":1957,"href":"https:\/\/www.masrosset.com\/es\/wp-json\/wp\/v2\/pages\/1500\/revisions\/1957"}],"wp:attachment":[{"href":"https:\/\/www.masrosset.com\/es\/wp-json\/wp\/v2\/media?parent=1500"}],"curies":[{"name":"wp","href":"https:\/\/api.w.org\/{rel}","templated":true}]}}