{"id":2394,"date":"2017-09-13T14:41:25","date_gmt":"2017-09-13T14:41:25","guid":{"rendered":"http:\/\/www.masrosset.com\/?page_id=2394"},"modified":"2023-10-19T07:40:11","modified_gmt":"2023-10-19T07:40:11","slug":"llocs-dinteres","status":"publish","type":"page","link":"https:\/\/www.masrosset.com\/ca\/llocs-dinteres\/","title":{"rendered":"Llocs d&#8217;inter\u00e8s"},"content":{"rendered":"<div class=\"wpb-content-wrapper\"><p>[vc_row css=&#8221;.vc_custom_1497533019880{border-top-width: -10px !important;}&#8221;][vc_column offset=&#8221;vc_hidden-lg vc_hidden-md&#8221;][vc_empty_space height=&#8221;5px&#8221;][\/vc_column][\/vc_row][vc_row fullwidth=&#8221;yes&#8221; css=&#8221;.vc_custom_1497532926515{margin-top: -40px !important;background-position: 0 0 !important;background-repeat: no-repeat !important;}&#8221; el_class=&#8221;side-bg no-padding&#8221;][vc_column]\t<div class=\"side-bg\">\n\t\t<div class=\"image-container pull-left col-md-6\" style=\"background-image:url(https:\/\/www.masrosset.com\/wp-content\/uploads\/2015\/07\/girona1.jpg); ?>\" data-delay=\"0\"><\/div>\n\n        <div class=\"container\">\n            <div class=\"row\">\n                <div class=\"inner-padding\">\n                    <div class=\"col-md-5 col-md-offset-7 wow fadeInRight\" data-wow-delay=\".2s\">\n                        <h2>Girona<\/h2><br\/>\n                        <\/p>\n<p style=\"text-align: justify;\"><em>(A 10 minuts)<\/em><\/p>\n<p style=\"color: #ecc364; text-align: justify;\"><strong>Girona \u00e9s la capital de la prov\u00edncia i comarca del Giron\u00e8s. La ciutat t\u00e9 prop de 104.000 habitants i una extensi\u00f3 de 39,1 km2. El seu casc antic compta amb nombrosos monuments \u00fanics en el continent que conserven grans riqueses art\u00edstiques. <\/strong><\/p>\n<p style=\"text-align: justify;\">Girona ofereix m\u00faltiples propostes per fer i visitar: tant ofertes culturals com festivals, restaurants, etc. Alguns dels llocs m\u00e9s destacats s\u00f3n La For\u00e7a Vella, fortalesa gaireb\u00e9 triangular que van al\u00e7ar els romans, La Catedral de Girona, el Call Jueu, els Banys \u00c0rabs, les muralles o la Rambla de la Llibertat. A m\u00e9s, Girona compta amb una gran varietat de restaurants per viure una experi\u00e8ncia gastron\u00f2mica mediterr\u00e0nia i \u00fanica.<\/p>\n<p>                    <\/div>\n                    <div class=\"clearfix\"><\/div>\n                <\/div>\n            <\/div>\n        <\/div>\n\t<\/div>\n\n[\/vc_column][\/vc_row][vc_row fullwidth=&#8221;yes&#8221; css=&#8221;.vc_custom_1474447018555{background-position: 0 0 !important;background-repeat: no-repeat !important;}&#8221; el_class=&#8221;side-bg no-padding&#8221;][vc_column]\t<div class=\"side-bg\">\n\t\t<div class=\"image-container pull-right right0 col-md-6 col-md-offset-6\" style=\"background-image:url(https:\/\/www.masrosset.com\/wp-content\/uploads\/2015\/07\/costabrava1.jpg); ?>\" data-delay=\"0\"><\/div>\n\n        <div class=\"container\">\n            <div class=\"row\">\n                <div class=\"inner-padding\">\n                    <div class=\"col-md-5 wow fadeInRight\" data-wow-delay=\".2s\">\n                        <h2>Costa Brava<\/h2><br\/>\n                        <\/p>\n<p style=\"text-align: justify;\"><em>(A 30 minuts)<\/em><\/p>\n<p style=\"color: #ecc364; text-align: justify;\"><strong>La Costa Brava \u00e9s el nom que es d\u00f3na a la zona costera de Girona. Aquesta comen\u00e7a a la frontera amb Fran\u00e7a (en el poble de Portbou) fins Sa Palomera (poblaci\u00f3 de Blanes). La Costa Brava compta amb 200 km de longitud i inclou tres comarques: la Selva, el Baix Empord\u00e0 i l\u2019Alt Empord\u00e0.<\/strong><\/p>\n<p style=\"text-align: justify;\">El principal atractiu de la Costa Brava \u00e9s que molts dels seus espais encara conserven el se paisatge original i no estan contaminats per la urbanitzaci\u00f3. Aquest fet fa que aquesta zona compti amb algunes de les platges i cales m\u00e9s atractives del Mediterrani, parcs naturals i petites poblacions de pescadors, amb monestirs i esgl\u00e9sies rom\u00e0niques. Un lloc que ofereix la oportunitat de visitar-lo de diferents maneres: caminant, en BTT, en cotxe, tren o vaixell.<\/p>\n<p>                    <\/div>\n                    <div class=\"clearfix\"><\/div>\n                <\/div>\n            <\/div>\n        <\/div>\n\t<\/div>\n\n[\/vc_column][\/vc_row][vc_row fullwidth=&#8221;yes&#8221; css=&#8221;.vc_custom_1474447018555{background-position: 0 0 !important;background-repeat: no-repeat !important;}&#8221; el_class=&#8221;side-bg no-padding&#8221;][vc_column]\t<div class=\"side-bg\">\n\t\t<div class=\"image-container pull-left col-md-6\" style=\"background-image:url(https:\/\/www.masrosset.com\/wp-content\/uploads\/2015\/07\/pirineus.jpg); ?>\" data-delay=\"0\"><\/div>\n\n        <div class=\"container\">\n            <div class=\"row\">\n                <div class=\"inner-padding\">\n                    <div class=\"col-md-5 col-md-offset-7 wow fadeInRight\" data-wow-delay=\".2s\">\n                        <h2>Pirineus<\/h2><br\/>\n                        <\/p>\n<p style=\"text-align: justify;\"><em>(A 30 minuts)<\/em><\/p>\n<p style=\"color: #ecc364; text-align: justify;\"><strong>Els Pirineus s\u00f3n una serralada muntanyosa de 415 km que es troba entre Espanya, Fran\u00e7a i Andorra. Trobarem en els Pirineus pics de m\u00e9s de 3.000 metres d\u2019al\u00e7ada, com l\u2019Aneto (3.404 m) i la Pica d\u2019Estats (3.143 m).<\/strong><\/p>\n<p style=\"text-align: justify;\">Les muntanyes dels Pirineus compten amb una rica fauna i flora caracter\u00edstiques del clima mediterrani. Els Pirineus formen un gran patrimoni natural amb molts camins i paisatges d\u2019immensa bellesa, a m\u00e9s de nombrosos castells, museus i refugis amb mil\u00b7len\u00e0ria hist\u00f2ria. En els Pirineus hi trobem el Parc Natural Regional dels Pirineus Catalans, que compta amb 7 Reserves Naturals, 12 estacions d\u2019esqu\u00ed i 2 balnearis.<\/p>\n<p>                    <\/div>\n                    <div class=\"clearfix\"><\/div>\n                <\/div>\n            <\/div>\n        <\/div>\n\t<\/div>\n\n[\/vc_column][\/vc_row][vc_row fullwidth=&#8221;yes&#8221; css=&#8221;.vc_custom_1474447018555{background-position: 0 0 !important;background-repeat: no-repeat !important;}&#8221; el_class=&#8221;side-bg no-padding&#8221;][vc_column]\t<div class=\"side-bg\">\n\t\t<div class=\"image-container pull-right right0 col-md-6 col-md-offset-6\" style=\"background-image:url(https:\/\/www.masrosset.com\/wp-content\/uploads\/2015\/07\/banoles.jpg); ?>\" data-delay=\"0\"><\/div>\n\n        <div class=\"container\">\n            <div class=\"row\">\n                <div class=\"inner-padding\">\n                    <div class=\"col-md-5 wow fadeInRight\" data-wow-delay=\".2s\">\n                        <h2>Estany de Banyoles<\/h2><br\/>\n                        <\/p>\n<p style=\"text-align: justify;\"><em>(A 5 minuts)<\/em><\/p>\n<p style=\"color: #ecc364; text-align: justify;\"><strong>L\u2019Estany de Banyoles \u00e9s l\u2019estanc natural m\u00e9s gran de Catalunya. Aquest est\u00e0 situat a la ciutat de Banyoles, capital de la comarca Pla de l\u2019Estany.<\/strong><\/p>\n<p style=\"text-align: justify;\">L\u2019Estany de Banyoles mesura aproximadament 2.150 metres de llarg i 775 metres d\u2019ample, i la seva profunditat m\u00e0xima \u00e9s de 65 metres. L\u2019estany \u00e9s el principal atractiu de la zona i compta amb una gran oferta d\u2019activitats esportives i d\u2019oci. L\u2019Estany de Banyoles ofereix la possibilitat de donar una volta completa a l\u2019estanc i gaudir aix\u00ed de la seva riquesa natural i els seus miradors. El recorregut \u00e9s molt planer i d\u2019una dificultat baixa perqu\u00e8 es pugui gaudir amb tota la fam\u00edlia.<\/p>\n<p>                    <\/div>\n                    <div class=\"clearfix\"><\/div>\n                <\/div>\n            <\/div>\n        <\/div>\n\t<\/div>\n\n[\/vc_column][\/vc_row][vc_row fullwidth=&#8221;yes&#8221; css=&#8221;.vc_custom_1474447018555{background-position: 0 0 !important;background-repeat: no-repeat !important;}&#8221; el_class=&#8221;side-bg no-padding&#8221;][vc_column]\t<div class=\"side-bg\">\n\t\t<div class=\"image-container pull-left col-md-6\" style=\"background-image:url(https:\/\/www.masrosset.com\/wp-content\/uploads\/2015\/07\/bcn1.jpg); ?>\" data-delay=\"0\"><\/div>\n\n        <div class=\"container\">\n            <div class=\"row\">\n                <div class=\"inner-padding\">\n                    <div class=\"col-md-5 col-md-offset-7 wow fadeInRight\" data-wow-delay=\".2s\">\n                        <h2>Barcelona<\/h2><br\/>\n                        <\/p>\n<p style=\"text-align: justify;\"><em>(A 1 hora)<\/em><\/p>\n<p style=\"color: #ecc364; text-align: justify;\"><strong>Barcelona \u00e9s la ciutat m\u00e9s famosa i capital de Catalunya. T\u00e9 una poblaci\u00f3 de gaireb\u00e9 1.640.000 habitants i una extensi\u00f3 de 102,15 km2. \u00c9s reconeguda com una ciutat global gr\u00e0cies a la seva important cultura, comer\u00e7os i turisme. Est\u00e0 molt ben comunicada i \u00e9s una important connexi\u00f3 entre Espanya i Fran\u00e7a, a m\u00e9s de tenir un dels ports m\u00e9s importants del Mediterrani.<\/strong><\/p>\n<p style=\"text-align: justify;\">Barcelona ofereix al visitant veure tot tipus de monuments, carrers i art, a la vegada que descobrir el modernisme catal\u00e0. Destaquen el seu centre hist\u00f2ric, la Rambla, el llegat d\u2019Antoni Gaud\u00ed (Parc G\u00fcell, Sagrada Fam\u00edlia, etc), que formen part del Patrimoni de la Humanitat, la Monumental de Barcelona i l\u2019estadi del F.C. Barcelona.<\/p>\n<p>                    <\/div>\n                    <div class=\"clearfix\"><\/div>\n                <\/div>\n            <\/div>\n        <\/div>\n\t<\/div>\n\n[\/vc_column][\/vc_row][vc_row fullwidth=&#8221;yes&#8221; css=&#8221;.vc_custom_1474447018555{background-position: 0 0 !important;background-repeat: no-repeat !important;}&#8221; el_class=&#8221;side-bg no-padding&#8221;][vc_column]\t<div class=\"side-bg\">\n\t\t<div class=\"image-container pull-right right0 col-md-6 col-md-offset-6\" style=\"background-image:url(https:\/\/www.masrosset.com\/wp-content\/uploads\/2015\/07\/besalu1.jpg); ?>\" data-delay=\"0\"><\/div>\n\n        <div class=\"container\">\n            <div class=\"row\">\n                <div class=\"inner-padding\">\n                    <div class=\"col-md-5 wow fadeInRight\" data-wow-delay=\".2s\">\n                        <h2>Besal\u00fa<\/h2><br\/>\n                        <\/p>\n<p style=\"text-align: justify;\"><em>(A 15 minuts)<\/em><\/p>\n<p style=\"color: #ecc364; text-align: justify;\"><strong>Besal\u00fa \u00e9s un poble medieval que data del segle XI. La poblaci\u00f3 es troba a la comarca de la Garrotxa, a la prov\u00edncia de Girona, i t\u00e9 una extensi\u00f3 de 4,92 km2. El principal atractiu \u00e9s l\u2019arquitectura medieval i el pont de Besal\u00fa, un pont rom\u00e0nic creuant el riu Fluvi\u00e0. <\/strong><\/p>\n<p style=\"text-align: justify;\">El poble compta amb tot el necessari per enamorar a qui el visiti: art, cultura, bona gastronomia, hist\u00f2ria i encant. Un poble que es troba suficient a\u00efllat per gaudir de la tranquil\u00b7litat que ofereix, per\u00f2 a la vegada suficient a prop de ciutats com Olot, Girona o Banyoles. Gr\u00e0cies a la restauraci\u00f3 del seu gran pont, considerat un Be Cultural d\u2019Inter\u00e8s Nacional, caminar per Besal\u00fa es converteix en un tranquil passeig per la hist\u00f2ria.<\/p>\n<p>                    <\/div>\n                    <div class=\"clearfix\"><\/div>\n                <\/div>\n            <\/div>\n        <\/div>\n\t<\/div>\n\n[\/vc_column][\/vc_row][vc_row fullwidth=&#8221;yes&#8221; css=&#8221;.vc_custom_1474447018555{background-position: 0 0 !important;background-repeat: no-repeat !important;}&#8221; el_class=&#8221;side-bg no-padding&#8221;][vc_column]\t<div class=\"side-bg\">\n\t\t<div class=\"image-container pull-left col-md-6\" style=\"background-image:url(https:\/\/www.masrosset.com\/wp-content\/uploads\/2015\/07\/museu-dali.jpg); ?>\" data-delay=\"0\"><\/div>\n\n        <div class=\"container\">\n            <div class=\"row\">\n                <div class=\"inner-padding\">\n                    <div class=\"col-md-5 col-md-offset-7 wow fadeInRight\" data-wow-delay=\".2s\">\n                        <h2>Museu Dal\u00ed (Figueres)<\/h2><br\/>\n                        <\/p>\n<p style=\"text-align: justify;\"><em>(A 25 minuts)<\/em><\/p>\n<p style=\"color: #ecc364; text-align: justify;\"><strong>El Teatre-Museu Dal\u00ed, situat a la ciutat de Figueres (prov\u00edncia de Girona), va ser constru\u00eft sobre les restes de l\u2019antic Teatre Municipal de Figueres, i est\u00e0 considerat com la \u00faltima gran obra de Dal\u00ed.<\/strong><\/p>\n<p style=\"text-align: justify;\">El museu, gestionat per la Fundaci\u00f3 Gala-Salvador Dal\u00ed, ofereix la oportunitat de gaudir de la traject\u00f2ria art\u00edstica de Salvador Dal\u00ed. Dal\u00ed va ser un pintor, escultor i escriptor espanyol del segle XX, considerat un dels m\u00e0xims representants del surrealisme. El museu va ser un projecte del propi artista, i \u00e9s per aix\u00f2 que dins, a m\u00e9s de les seves fant\u00e0stiques obres, podem trobar-hi la seva \u00faltima habitaci\u00f3 i la seva tomba.<\/p>\n<p>                    <\/div>\n                    <div class=\"clearfix\"><\/div>\n                <\/div>\n            <\/div>\n        <\/div>\n\t<\/div>\n\n[\/vc_column][\/vc_row][vc_row fullwidth=&#8221;yes&#8221; css=&#8221;.vc_custom_1442204580531{padding-top: 60px !important;padding-bottom: 60px !important;}&#8221; el_class=&#8221;call-to-action bg-color text-center&#8221;][vc_column]\t\t\t\n\n\t\t\t<a href=\"http:\/\/www.masrosset.com\/ca\/contacte\/\" class=\"btn btn-line-black btn-big\">Contacta amb nosaltres<\/a>\n\t    \n[\/vc_column][\/vc_row]<\/p>\n<\/div>","protected":false},"excerpt":{"rendered":"<p>[vc_row css=&#8221;.vc_custom_1497533019880{border-top-width: -10px !important;}&#8221;][vc_column offset=&#8221;vc_hidden-lg vc_hidden-md&#8221;][vc_empty_space height=&#8221;5px&#8221;][\/vc_column][\/vc_row][vc_row fullwidth=&#8221;yes&#8221; css=&#8221;.vc_custom_1497532926515{margin-top: -40px !important;background-position: 0 0 !important;background-repeat: no-repeat !important;}&#8221; el_class=&#8221;side-bg no-padding&#8221;][vc_column][\/vc_column][\/vc_row][vc_row fullwidth=&#8221;yes&#8221; css=&#8221;.vc_custom_1474447018555{background-position: 0 0 !important;background-repeat: no-repeat !important;}&#8221; el_class=&#8221;side-bg no-padding&#8221;][vc_column][\/vc_column][\/vc_row][vc_row fullwidth=&#8221;yes&#8221; css=&#8221;.vc_custom_1474447018555{background-position: 0 0 !important;background-repeat: no-repeat !important;}&#8221; el_class=&#8221;side-bg no-padding&#8221;][vc_column][\/vc_column][\/vc_row][vc_row fullwidth=&#8221;yes&#8221; css=&#8221;.vc_custom_1474447018555{background-position: 0 0 !important;background-repeat: no-repeat !important;}&#8221; el_class=&#8221;side-bg no-padding&#8221;][vc_column][\/vc_column][\/vc_row][vc_row fullwidth=&#8221;yes&#8221; css=&#8221;.vc_custom_1474447018555{background-position: 0 0 !important;background-repeat: no-repeat !important;}&#8221; el_class=&#8221;side-bg no-padding&#8221;][vc_column][\/vc_column][\/vc_row][vc_row fullwidth=&#8221;yes&#8221; [&hellip;]<\/p>\n","protected":false},"author":1,"featured_media":0,"parent":0,"menu_order":0,"comment_status":"open","ping_status":"closed","template":"page-templates\/template-fullwidth.php","meta":{"footnotes":""},"class_list":["post-2394","page","type-page","status-publish","hentry"],"yoast_head":"<!-- This site is optimized with the Yoast SEO plugin v26.4 - https:\/\/yoast.com\/wordpress\/plugins\/seo\/ -->\n<title>Llocs d&#039;inter\u00e8s - Mas Rosset<\/title>\n<meta name=\"robots\" content=\"index, follow, max-snippet:-1, max-image-preview:large, max-video-preview:-1\" \/>\n<link rel=\"canonical\" href=\"https:\/\/www.masrosset.com\/ca\/llocs-dinteres\/\" \/>\n<meta property=\"og:locale\" content=\"ca_ES\" \/>\n<meta property=\"og:type\" content=\"article\" \/>\n<meta property=\"og:title\" content=\"Llocs d&#039;inter\u00e8s - Mas Rosset\" \/>\n<meta property=\"og:description\" content=\"[vc_row css=&#8221;.vc_custom_1497533019880{border-top-width: -10px !important;}&#8221;][vc_column offset=&#8221;vc_hidden-lg vc_hidden-md&#8221;][vc_empty_space height=&#8221;5px&#8221;][\/vc_column][\/vc_row][vc_row fullwidth=&#8221;yes&#8221; css=&#8221;.vc_custom_1497532926515{margin-top: -40px !important;background-position: 0 0 !important;background-repeat: no-repeat !important;}&#8221; el_class=&#8221;side-bg no-padding&#8221;][vc_column][\/vc_column][\/vc_row][vc_row fullwidth=&#8221;yes&#8221; css=&#8221;.vc_custom_1474447018555{background-position: 0 0 !important;background-repeat: no-repeat !important;}&#8221; el_class=&#8221;side-bg no-padding&#8221;][vc_column][\/vc_column][\/vc_row][vc_row fullwidth=&#8221;yes&#8221; css=&#8221;.vc_custom_1474447018555{background-position: 0 0 !important;background-repeat: no-repeat !important;}&#8221; el_class=&#8221;side-bg no-padding&#8221;][vc_column][\/vc_column][\/vc_row][vc_row fullwidth=&#8221;yes&#8221; css=&#8221;.vc_custom_1474447018555{background-position: 0 0 !important;background-repeat: no-repeat !important;}&#8221; el_class=&#8221;side-bg no-padding&#8221;][vc_column][\/vc_column][\/vc_row][vc_row fullwidth=&#8221;yes&#8221; css=&#8221;.vc_custom_1474447018555{background-position: 0 0 !important;background-repeat: no-repeat !important;}&#8221; el_class=&#8221;side-bg no-padding&#8221;][vc_column][\/vc_column][\/vc_row][vc_row fullwidth=&#8221;yes&#8221; [&hellip;]\" \/>\n<meta property=\"og:url\" content=\"https:\/\/www.masrosset.com\/ca\/llocs-dinteres\/\" \/>\n<meta property=\"og:site_name\" content=\"Mas Rosset\" \/>\n<meta property=\"article:modified_time\" content=\"2023-10-19T07:40:11+00:00\" \/>\n<meta name=\"twitter:card\" content=\"summary_large_image\" \/>\n<meta name=\"twitter:label1\" content=\"Temps estimat de lectura\" \/>\n\t<meta name=\"twitter:data1\" content=\"5 minuts\" \/>\n<script type=\"application\/ld+json\" class=\"yoast-schema-graph\">{\"@context\":\"https:\/\/schema.org\",\"@graph\":[{\"@type\":\"WebPage\",\"@id\":\"https:\/\/www.masrosset.com\/ca\/llocs-dinteres\/\",\"url\":\"https:\/\/www.masrosset.com\/ca\/llocs-dinteres\/\",\"name\":\"Llocs d'inter\u00e8s - Mas Rosset\",\"isPartOf\":{\"@id\":\"https:\/\/www.masrosset.com\/#website\"},\"datePublished\":\"2017-09-13T14:41:25+00:00\",\"dateModified\":\"2023-10-19T07:40:11+00:00\",\"breadcrumb\":{\"@id\":\"https:\/\/www.masrosset.com\/ca\/llocs-dinteres\/#breadcrumb\"},\"inLanguage\":\"ca\",\"potentialAction\":[{\"@type\":\"ReadAction\",\"target\":[\"https:\/\/www.masrosset.com\/ca\/llocs-dinteres\/\"]}]},{\"@type\":\"BreadcrumbList\",\"@id\":\"https:\/\/www.masrosset.com\/ca\/llocs-dinteres\/#breadcrumb\",\"itemListElement\":[{\"@type\":\"ListItem\",\"position\":1,\"name\":\"Home\",\"item\":\"https:\/\/www.masrosset.com\/ca\/\"},{\"@type\":\"ListItem\",\"position\":2,\"name\":\"Llocs d&#8217;inter\u00e8s\"}]},{\"@type\":\"WebSite\",\"@id\":\"https:\/\/www.masrosset.com\/#website\",\"url\":\"https:\/\/www.masrosset.com\/\",\"name\":\"Mas Rosset\",\"description\":\"Lloga luxosa masia r\u00fastica rural a la Costa Brava, Girona\",\"potentialAction\":[{\"@type\":\"SearchAction\",\"target\":{\"@type\":\"EntryPoint\",\"urlTemplate\":\"https:\/\/www.masrosset.com\/?s={search_term_string}\"},\"query-input\":{\"@type\":\"PropertyValueSpecification\",\"valueRequired\":true,\"valueName\":\"search_term_string\"}}],\"inLanguage\":\"ca\"}]}<\/script>\n<!-- \/ Yoast SEO plugin. -->","yoast_head_json":{"title":"Llocs d'inter\u00e8s - Mas Rosset","robots":{"index":"index","follow":"follow","max-snippet":"max-snippet:-1","max-image-preview":"max-image-preview:large","max-video-preview":"max-video-preview:-1"},"canonical":"https:\/\/www.masrosset.com\/ca\/llocs-dinteres\/","og_locale":"ca_ES","og_type":"article","og_title":"Llocs d'inter\u00e8s - Mas Rosset","og_description":"[vc_row css=&#8221;.vc_custom_1497533019880{border-top-width: -10px !important;}&#8221;][vc_column offset=&#8221;vc_hidden-lg vc_hidden-md&#8221;][vc_empty_space height=&#8221;5px&#8221;][\/vc_column][\/vc_row][vc_row fullwidth=&#8221;yes&#8221; css=&#8221;.vc_custom_1497532926515{margin-top: -40px !important;background-position: 0 0 !important;background-repeat: no-repeat !important;}&#8221; el_class=&#8221;side-bg no-padding&#8221;][vc_column][\/vc_column][\/vc_row][vc_row fullwidth=&#8221;yes&#8221; css=&#8221;.vc_custom_1474447018555{background-position: 0 0 !important;background-repeat: no-repeat !important;}&#8221; el_class=&#8221;side-bg no-padding&#8221;][vc_column][\/vc_column][\/vc_row][vc_row fullwidth=&#8221;yes&#8221; css=&#8221;.vc_custom_1474447018555{background-position: 0 0 !important;background-repeat: no-repeat !important;}&#8221; el_class=&#8221;side-bg no-padding&#8221;][vc_column][\/vc_column][\/vc_row][vc_row fullwidth=&#8221;yes&#8221; css=&#8221;.vc_custom_1474447018555{background-position: 0 0 !important;background-repeat: no-repeat !important;}&#8221; el_class=&#8221;side-bg no-padding&#8221;][vc_column][\/vc_column][\/vc_row][vc_row fullwidth=&#8221;yes&#8221; css=&#8221;.vc_custom_1474447018555{background-position: 0 0 !important;background-repeat: no-repeat !important;}&#8221; el_class=&#8221;side-bg no-padding&#8221;][vc_column][\/vc_column][\/vc_row][vc_row fullwidth=&#8221;yes&#8221; [&hellip;]","og_url":"https:\/\/www.masrosset.com\/ca\/llocs-dinteres\/","og_site_name":"Mas Rosset","article_modified_time":"2023-10-19T07:40:11+00:00","twitter_card":"summary_large_image","twitter_misc":{"Temps estimat de lectura":"5 minuts"},"schema":{"@context":"https:\/\/schema.org","@graph":[{"@type":"WebPage","@id":"https:\/\/www.masrosset.com\/ca\/llocs-dinteres\/","url":"https:\/\/www.masrosset.com\/ca\/llocs-dinteres\/","name":"Llocs d'inter\u00e8s - Mas Rosset","isPartOf":{"@id":"https:\/\/www.masrosset.com\/#website"},"datePublished":"2017-09-13T14:41:25+00:00","dateModified":"2023-10-19T07:40:11+00:00","breadcrumb":{"@id":"https:\/\/www.masrosset.com\/ca\/llocs-dinteres\/#breadcrumb"},"inLanguage":"ca","potentialAction":[{"@type":"ReadAction","target":["https:\/\/www.masrosset.com\/ca\/llocs-dinteres\/"]}]},{"@type":"BreadcrumbList","@id":"https:\/\/www.masrosset.com\/ca\/llocs-dinteres\/#breadcrumb","itemListElement":[{"@type":"ListItem","position":1,"name":"Home","item":"https:\/\/www.masrosset.com\/ca\/"},{"@type":"ListItem","position":2,"name":"Llocs d&#8217;inter\u00e8s"}]},{"@type":"WebSite","@id":"https:\/\/www.masrosset.com\/#website","url":"https:\/\/www.masrosset.com\/","name":"Mas Rosset","description":"Lloga luxosa masia r\u00fastica rural a la Costa Brava, Girona","potentialAction":[{"@type":"SearchAction","target":{"@type":"EntryPoint","urlTemplate":"https:\/\/www.masrosset.com\/?s={search_term_string}"},"query-input":{"@type":"PropertyValueSpecification","valueRequired":true,"valueName":"search_term_string"}}],"inLanguage":"ca"}]}},"_links":{"self":[{"href":"https:\/\/www.masrosset.com\/ca\/wp-json\/wp\/v2\/pages\/2394","targetHints":{"allow":["GET"]}}],"collection":[{"href":"https:\/\/www.masrosset.com\/ca\/wp-json\/wp\/v2\/pages"}],"about":[{"href":"https:\/\/www.masrosset.com\/ca\/wp-json\/wp\/v2\/types\/page"}],"author":[{"embeddable":true,"href":"https:\/\/www.masrosset.com\/ca\/wp-json\/wp\/v2\/users\/1"}],"replies":[{"embeddable":true,"href":"https:\/\/www.masrosset.com\/ca\/wp-json\/wp\/v2\/comments?post=2394"}],"version-history":[{"count":4,"href":"https:\/\/www.masrosset.com\/ca\/wp-json\/wp\/v2\/pages\/2394\/revisions"}],"predecessor-version":[{"id":4751,"href":"https:\/\/www.masrosset.com\/ca\/wp-json\/wp\/v2\/pages\/2394\/revisions\/4751"}],"wp:attachment":[{"href":"https:\/\/www.masrosset.com\/ca\/wp-json\/wp\/v2\/media?parent=2394"}],"curies":[{"name":"wp","href":"https:\/\/api.w.org\/{rel}","templated":true}]}}