{"id":2383,"date":"2017-09-13T14:19:16","date_gmt":"2017-09-13T14:19:16","guid":{"rendered":"http:\/\/www.masrosset.com\/?page_id=2383"},"modified":"2020-12-09T21:47:13","modified_gmt":"2020-12-09T21:47:13","slug":"zones-comunes","status":"publish","type":"page","link":"https:\/\/www.masrosset.com\/ca\/zones-comunes\/","title":{"rendered":"Zones Comunes"},"content":{"rendered":"<div class=\"wpb-content-wrapper\"><p>[vc_row][vc_column][rev_slider_vc alias=&#8221;zonas-comunes&#8221;][\/vc_column][\/vc_row][vc_row][vc_column offset=&#8221;vc_hidden-md vc_hidden-sm vc_hidden-xs&#8221;][vc_column_text]<\/p>\n<div style=\"float: left; width: 45%; text-align: justify;\">\n<p style=\"color: #ecc364; font-size: 20px;\"><strong>Entrada<\/strong><\/p>\n<p>Distribu\u00efdor que connecta les dos entrades principals de la masia, sota una majestuosa volta de terracota.<\/p>\n<p style=\"color: #ecc364; font-size: 20px;\"><strong>Menjador<\/strong><\/p>\n<p>Elegant i pr\u00e0ctic per gaudir d\u2019un bon \u00e0pat entre familiars i amics.<\/p>\n<p style=\"color: #ecc364; font-size: 20px;\"><strong>Cuina<\/strong><\/p>\n<p>\u00c0mplia cuina totalment equipada amb una illa central amb gran capacitat d\u2019emmagatzematge.<\/p>\n<p style=\"color: #ecc364; font-size: 20px;\"><strong>Sala d&#8217;estar<\/strong><\/p>\n<p>\u00c0mplia sala d\u2019estar molt confortable amb acc\u00e9s al jard\u00ed. Ideal per relaxar-se o compartir moments amb el grup.<\/p>\n<p style=\"color: #ecc364; font-size: 20px;\"><strong>Altell<\/strong><\/p>\n<p>Sala d\u2019estar per prendre una copa o simplement passar una bona estona amb els amics.<\/p>\n<p style=\"color: #ecc364; font-size: 20px;\"><strong>Rebedor<\/strong><\/p>\n<p>Entrada alternativa a la masia per accedir a la sala de reunions, formada per dos ambients: zona de sof\u00e0s i zona de taula, ideal per la recepci\u00f3 dels assistents.<\/p>\n<p style=\"color: #ecc364; font-size: 20px;\"><strong>Biblioteca<\/strong><\/p>\n<p>Gran i acollidora per relaxar-se llegint un llibre o simplement gaudir de l\u2019espai amb vistes immillorables.<\/p>\n<p style=\"color: #ecc364; font-size: 20px;\"><strong>Sala de jocs<\/strong><\/p>\n<p>Sala de jocs amb billar i moble bar, on del joc es fa un plaer.<\/p>\n<p style=\"color: #ecc364; font-size: 20px;\"><strong>Rentador<\/strong><\/p>\n<p>\u00c0mplia zona de neteja i bugaderia amb tots els estris necessaris.<\/p>\n<p style=\"color: #ecc364; font-size: 20px;\"><strong>Distribu\u00efdor<\/strong><\/p>\n<p>Ampli i acollidor distribu\u00efdor per accedir a les habitacions, que d\u00f3na llum a totes les zones comunes de la masia.<\/p>\n<p style=\"color: #ecc364; font-size: 20px;\"><strong>Hamaques<\/strong><\/p>\n<p>Tranquil entorn per descansar i relaxar-se sota l&#8217;ombra de les alzines sureres emmacat en un paisatge buc\u00f2lic.<\/p>\n<\/div>\n<div style=\"float: right; width: 45%; text-align: justify;\">\n<p style=\"color: #ecc364; font-size: 20px;\"><strong>Serveis addicionals<\/strong><b>\u00a0<\/b><\/p>\n<p>Mas Rosset est\u00e0 totalment equipat i moblat al m\u00e9s alt nivell per tal de fer la seva estada una experi\u00e8ncia inoblidable.<\/p>\n<p>Les instal\u00b7lacions inclouen fibra \u00f2ptica, Wi-Fi, Smart TV i sistema musical via r\u00e0dio i Bluetooth independent per a les zones comunes, barbacoa, piscina i zona chill out.<\/p>\n<p>Mas Rosset tamb\u00e9 ofereix una s\u00e8rie de serveis addicionals i opcionals que l\u2019ajudaran a gaudir dels seus dies de descans:<\/p>\n<p>&#8211; Servei de xef.<\/p>\n<p>&#8211; Recepci\u00f3 i benvinguda a l\u2019aeroport.<\/p>\n<p>&#8211; Proveir nevera i rebost.<\/p>\n<p>&#8211; Servei de massatge.<\/p>\n<p>&nbsp;<\/p>\n<div style=\"text-align: center;\"><span id=\"button-pop-upCA\" style=\"text-align: center;\">ESPECIFICACIONS<\/span><\/div>\n<\/div>\n<div style=\"clear: both;\"><\/div>\n<p>[\/vc_column_text][\/vc_column][\/vc_row][vc_row el_class=&#8221;center&#8221;][vc_column offset=&#8221;vc_hidden-lg&#8221; el_class=&#8221;vc_tta-o-non-responsive&#8221;][vc_column_text]<\/p>\n<p style=\"color: #ecc364; font-size: 20px;\"><strong>Entrada<\/strong><\/p>\n<p>Distribu\u00efdor que connecta les dos entrades principals de la masia, sota una majestuosa volta de terracota.<\/p>\n<p style=\"color: #ecc364; font-size: 20px;\"><strong>Menjador<\/strong><\/p>\n<p>Elegant i pr\u00e0ctic per gaudir d\u2019un bon \u00e0pat entre familiars i amics.<\/p>\n<p style=\"color: #ecc364; font-size: 20px;\"><strong>Cuina<\/strong><\/p>\n<p>\u00c0mplia cuina totalment equipada amb una illa central amb gran capacitat d\u2019emmagatzematge.<\/p>\n<p style=\"color: #ecc364; font-size: 20px;\"><strong>Sala d&#8217;estar<\/strong><\/p>\n<p>\u00c0mplia sala d\u2019estar molt confortable amb acc\u00e9s al jard\u00ed. Ideal per relaxar-se o compartir moments amb el grup.<\/p>\n<p style=\"color: #ecc364; font-size: 20px;\"><strong>Altell<\/strong><\/p>\n<p>Sala d\u2019estar per prendre una copa o simplement passar una bona estona amb els amics.<\/p>\n<p style=\"color: #ecc364; font-size: 20px;\"><strong>Rebedor<\/strong><\/p>\n<p>Entrada alternativa a la masia per accedir a la sala de reunions, formada per dos ambients: zona de sof\u00e0s i zona de taula, ideal per la recepci\u00f3 dels assistents.<\/p>\n<p style=\"color: #ecc364; font-size: 20px;\"><strong>Biblioteca<\/strong><\/p>\n<p>Gran i acollidora per relaxar-se llegint un llibre o simplement gaudir de l\u2019espai amb vistes immillorables.<\/p>\n<p style=\"color: #ecc364; font-size: 20px;\"><strong>Sala de jocs<\/strong><\/p>\n<p>Sala de jocs amb billar i moble bar, on del joc es fa un plaer.<\/p>\n<p style=\"color: #ecc364; font-size: 20px;\"><strong>Rentador<\/strong><\/p>\n<p>\u00c0mplia zona de neteja i bugaderia amb tots els estris necessaris.<\/p>\n<p style=\"color: #ecc364; font-size: 20px;\"><strong>Distribu\u00efdor<\/strong><\/p>\n<p>Ampli i acollidor distribu\u00efdor per accedir a les habitacions, que d\u00f3na llum a totes les zones comunes de la masia.<\/p>\n<p style=\"color: #ecc364; font-size: 20px;\"><strong>Hamaques<\/strong><\/p>\n<p style=\"margin-bottom: 75px;\">Tranquil entorn per descansar i relaxar-se sota l&#8217;ombra de les alzines sureres emmarcat en un paisatge buc\u00f2lic.<\/p>\n<p style=\"color: #ecc364; font-size: 20px;\"><strong>Serveis addicionals<\/strong><b>\u00a0<\/b><\/p>\n<p>Mas Rosset est\u00e0 totalment equipat i moblat al m\u00e9s alt nivell per tal de fer la seva estada una experi\u00e8ncia inoblidable.<\/p>\n<p>Les instal\u00b7lacions inclouen fibra \u00f2ptica, Wi-Fi, Smart TV i sistema musical via r\u00e0dio i Bluetooth independent per a les zones comunes, barbacoa, piscina i zona chill out.<\/p>\n<p>Mas Rosset tamb\u00e9 ofereix una s\u00e8rie de serveis addicionals i opcionals que l\u2019ajudaran a gaudir dels seus dies de descans:<\/p>\n<p>&#8211; Servei de xef.<\/p>\n<p>&#8211; Recepci\u00f3 i benvinguda a l\u2019aeroport.<\/p>\n<p>&#8211; Proveir nevera i rebost.<\/p>\n<p>&#8211; Servei de massatge<\/p>\n<div style=\"text-align: center;\"><span id=\"button-pop-upCA\" style=\"text-align: center;\">ESPECIFICACIONS<\/span><\/div>\n<div style=\"clear: both;\"><\/div>\n<p>[\/vc_column_text][\/vc_column][\/vc_row]<\/p>\n<\/div>","protected":false},"excerpt":{"rendered":"<p>[vc_row][vc_column][rev_slider_vc alias=&#8221;zonas-comunes&#8221;][\/vc_column][\/vc_row][vc_row][vc_column offset=&#8221;vc_hidden-md vc_hidden-sm vc_hidden-xs&#8221;][vc_column_text] Entrada Distribu\u00efdor que connecta les dos entrades principals de la masia, sota una majestuosa volta de terracota. Menjador Elegant i pr\u00e0ctic per gaudir d\u2019un bon \u00e0pat entre familiars i amics. Cuina \u00c0mplia cuina totalment equipada amb una illa central amb gran capacitat d\u2019emmagatzematge. Sala d&#8217;estar \u00c0mplia sala d\u2019estar molt confortable [&hellip;]<\/p>\n","protected":false},"author":1,"featured_media":0,"parent":0,"menu_order":0,"comment_status":"closed","ping_status":"closed","template":"page-templates\/template-fullwidth.php","meta":{"footnotes":""},"class_list":["post-2383","page","type-page","status-publish","hentry"],"yoast_head":"<!-- This site is optimized with the Yoast SEO plugin v26.4 - https:\/\/yoast.com\/wordpress\/plugins\/seo\/ -->\n<title>Zones Comunes - Mas Rosset<\/title>\n<meta name=\"robots\" content=\"index, follow, max-snippet:-1, max-image-preview:large, max-video-preview:-1\" \/>\n<link rel=\"canonical\" href=\"https:\/\/www.masrosset.com\/ca\/zones-comunes\/\" \/>\n<meta property=\"og:locale\" content=\"ca_ES\" \/>\n<meta property=\"og:type\" content=\"article\" \/>\n<meta property=\"og:title\" content=\"Zones Comunes - Mas Rosset\" \/>\n<meta property=\"og:description\" content=\"[vc_row][vc_column][rev_slider_vc alias=&#8221;zonas-comunes&#8221;][\/vc_column][\/vc_row][vc_row][vc_column offset=&#8221;vc_hidden-md vc_hidden-sm vc_hidden-xs&#8221;][vc_column_text] Entrada Distribu\u00efdor que connecta les dos entrades principals de la masia, sota una majestuosa volta de terracota. Menjador Elegant i pr\u00e0ctic per gaudir d\u2019un bon \u00e0pat entre familiars i amics. Cuina \u00c0mplia cuina totalment equipada amb una illa central amb gran capacitat d\u2019emmagatzematge. Sala d&#8217;estar \u00c0mplia sala d\u2019estar molt confortable [&hellip;]\" \/>\n<meta property=\"og:url\" content=\"https:\/\/www.masrosset.com\/ca\/zones-comunes\/\" \/>\n<meta property=\"og:site_name\" content=\"Mas Rosset\" \/>\n<meta property=\"article:modified_time\" content=\"2020-12-09T21:47:13+00:00\" \/>\n<meta name=\"twitter:card\" content=\"summary_large_image\" \/>\n<meta name=\"twitter:label1\" content=\"Temps estimat de lectura\" \/>\n\t<meta name=\"twitter:data1\" content=\"3 minuts\" \/>\n<script type=\"application\/ld+json\" class=\"yoast-schema-graph\">{\"@context\":\"https:\/\/schema.org\",\"@graph\":[{\"@type\":\"WebPage\",\"@id\":\"https:\/\/www.masrosset.com\/ca\/zones-comunes\/\",\"url\":\"https:\/\/www.masrosset.com\/ca\/zones-comunes\/\",\"name\":\"Zones Comunes - Mas Rosset\",\"isPartOf\":{\"@id\":\"https:\/\/www.masrosset.com\/#website\"},\"datePublished\":\"2017-09-13T14:19:16+00:00\",\"dateModified\":\"2020-12-09T21:47:13+00:00\",\"breadcrumb\":{\"@id\":\"https:\/\/www.masrosset.com\/ca\/zones-comunes\/#breadcrumb\"},\"inLanguage\":\"ca\",\"potentialAction\":[{\"@type\":\"ReadAction\",\"target\":[\"https:\/\/www.masrosset.com\/ca\/zones-comunes\/\"]}]},{\"@type\":\"BreadcrumbList\",\"@id\":\"https:\/\/www.masrosset.com\/ca\/zones-comunes\/#breadcrumb\",\"itemListElement\":[{\"@type\":\"ListItem\",\"position\":1,\"name\":\"Home\",\"item\":\"https:\/\/www.masrosset.com\/ca\/\"},{\"@type\":\"ListItem\",\"position\":2,\"name\":\"Zones Comunes\"}]},{\"@type\":\"WebSite\",\"@id\":\"https:\/\/www.masrosset.com\/#website\",\"url\":\"https:\/\/www.masrosset.com\/\",\"name\":\"Mas Rosset\",\"description\":\"Lloga luxosa masia r\u00fastica rural a la Costa Brava, Girona\",\"potentialAction\":[{\"@type\":\"SearchAction\",\"target\":{\"@type\":\"EntryPoint\",\"urlTemplate\":\"https:\/\/www.masrosset.com\/?s={search_term_string}\"},\"query-input\":{\"@type\":\"PropertyValueSpecification\",\"valueRequired\":true,\"valueName\":\"search_term_string\"}}],\"inLanguage\":\"ca\"}]}<\/script>\n<!-- \/ Yoast SEO plugin. -->","yoast_head_json":{"title":"Zones Comunes - Mas Rosset","robots":{"index":"index","follow":"follow","max-snippet":"max-snippet:-1","max-image-preview":"max-image-preview:large","max-video-preview":"max-video-preview:-1"},"canonical":"https:\/\/www.masrosset.com\/ca\/zones-comunes\/","og_locale":"ca_ES","og_type":"article","og_title":"Zones Comunes - Mas Rosset","og_description":"[vc_row][vc_column][rev_slider_vc alias=&#8221;zonas-comunes&#8221;][\/vc_column][\/vc_row][vc_row][vc_column offset=&#8221;vc_hidden-md vc_hidden-sm vc_hidden-xs&#8221;][vc_column_text] Entrada Distribu\u00efdor que connecta les dos entrades principals de la masia, sota una majestuosa volta de terracota. Menjador Elegant i pr\u00e0ctic per gaudir d\u2019un bon \u00e0pat entre familiars i amics. Cuina \u00c0mplia cuina totalment equipada amb una illa central amb gran capacitat d\u2019emmagatzematge. Sala d&#8217;estar \u00c0mplia sala d\u2019estar molt confortable [&hellip;]","og_url":"https:\/\/www.masrosset.com\/ca\/zones-comunes\/","og_site_name":"Mas Rosset","article_modified_time":"2020-12-09T21:47:13+00:00","twitter_card":"summary_large_image","twitter_misc":{"Temps estimat de lectura":"3 minuts"},"schema":{"@context":"https:\/\/schema.org","@graph":[{"@type":"WebPage","@id":"https:\/\/www.masrosset.com\/ca\/zones-comunes\/","url":"https:\/\/www.masrosset.com\/ca\/zones-comunes\/","name":"Zones Comunes - Mas Rosset","isPartOf":{"@id":"https:\/\/www.masrosset.com\/#website"},"datePublished":"2017-09-13T14:19:16+00:00","dateModified":"2020-12-09T21:47:13+00:00","breadcrumb":{"@id":"https:\/\/www.masrosset.com\/ca\/zones-comunes\/#breadcrumb"},"inLanguage":"ca","potentialAction":[{"@type":"ReadAction","target":["https:\/\/www.masrosset.com\/ca\/zones-comunes\/"]}]},{"@type":"BreadcrumbList","@id":"https:\/\/www.masrosset.com\/ca\/zones-comunes\/#breadcrumb","itemListElement":[{"@type":"ListItem","position":1,"name":"Home","item":"https:\/\/www.masrosset.com\/ca\/"},{"@type":"ListItem","position":2,"name":"Zones Comunes"}]},{"@type":"WebSite","@id":"https:\/\/www.masrosset.com\/#website","url":"https:\/\/www.masrosset.com\/","name":"Mas Rosset","description":"Lloga luxosa masia r\u00fastica rural a la Costa Brava, Girona","potentialAction":[{"@type":"SearchAction","target":{"@type":"EntryPoint","urlTemplate":"https:\/\/www.masrosset.com\/?s={search_term_string}"},"query-input":{"@type":"PropertyValueSpecification","valueRequired":true,"valueName":"search_term_string"}}],"inLanguage":"ca"}]}},"_links":{"self":[{"href":"https:\/\/www.masrosset.com\/ca\/wp-json\/wp\/v2\/pages\/2383","targetHints":{"allow":["GET"]}}],"collection":[{"href":"https:\/\/www.masrosset.com\/ca\/wp-json\/wp\/v2\/pages"}],"about":[{"href":"https:\/\/www.masrosset.com\/ca\/wp-json\/wp\/v2\/types\/page"}],"author":[{"embeddable":true,"href":"https:\/\/www.masrosset.com\/ca\/wp-json\/wp\/v2\/users\/1"}],"replies":[{"embeddable":true,"href":"https:\/\/www.masrosset.com\/ca\/wp-json\/wp\/v2\/comments?post=2383"}],"version-history":[{"count":9,"href":"https:\/\/www.masrosset.com\/ca\/wp-json\/wp\/v2\/pages\/2383\/revisions"}],"predecessor-version":[{"id":4087,"href":"https:\/\/www.masrosset.com\/ca\/wp-json\/wp\/v2\/pages\/2383\/revisions\/4087"}],"wp:attachment":[{"href":"https:\/\/www.masrosset.com\/ca\/wp-json\/wp\/v2\/media?parent=2383"}],"curies":[{"name":"wp","href":"https:\/\/api.w.org\/{rel}","templated":true}]}}