{"id":2381,"date":"2017-09-13T14:10:00","date_gmt":"2017-09-13T14:10:00","guid":{"rendered":"http:\/\/www.masrosset.com\/?page_id=2381"},"modified":"2023-05-16T16:05:14","modified_gmt":"2023-05-16T16:05:14","slug":"habitacions","status":"publish","type":"page","link":"https:\/\/www.masrosset.com\/ca\/habitacions\/","title":{"rendered":"Habitacions"},"content":{"rendered":"<div class=\"wpb-content-wrapper\"><p>[vc_row][vc_column][rev_slider_vc alias=&#8221;habitaciones&#8221;][\/vc_column][\/vc_row][vc_row][vc_column offset=&#8221;vc_hidden-sm vc_hidden-xs&#8221;][vc_column_text]<\/p>\n<div style=\"float: left; width: 45%;\">\n<p style=\"color: #ecc364; font-size: 20px;\"><strong>Habitacions<\/strong><\/p>\n<p style=\"text-align: justify;\">Mas Rosset \u00e9s ideal per allotjar grups de fins a 20 persones amb total comoditat, en 8 habitacions dobles amb bany privat. A m\u00e9s de confortables espais comuns i una \u00e0mplia zona exterior enjardinada equipada amb el necessari per gaudir d\u2019una estada \u00fanica i agradable.<\/p>\n<p>&nbsp;<\/p>\n<p style=\"color: #ecc364; font-size: 20px;\"><strong>Especificacions<\/strong><\/p>\n<p>Mida del llit: King size (1 llit de 180&#215;200 cm o 2 llits de 90&#215;200 cm)<br \/>\nCalefacci\u00f3<br \/>\nAire\u00a0condicionat<br \/>\nSmart TV<br \/>\nButaca<br \/>\nCaixa forta<br \/>\nBanyera d\u2019hidromassatge<br \/>\nLavabo<br \/>\nAssecador de cabell<br \/>\nMirall d\u2019augment<br \/>\nRadiador tovalloler<br \/>\nPaquet de benvinguda<br \/>\n<strong>Suite Crisantem:<\/strong> Adaptada a persones amb mobilitat redu\u00efda (planta baixa).<\/p>\n<p>&nbsp;<\/p>\n<\/div>\n<div style=\"float: right; width: 45%;\">\n<p style=\"color: #ecc364; font-size: 20px;\"><strong>Serveis addicionals<\/strong><b>\u00a0<\/b><\/p>\n<p>Mas Rosset est\u00e0 totalment equipat i moblat al m\u00e9s alt nivell per tal de fer la seva estada una experi\u00e8ncia inoblidable.Les instal\u00b7lacions inclouen fibra \u00f2ptica, Wi-Fi, Smart TV i sistema musical via r\u00e0dio i Bluetooth independent per a les zones comunes, barbacoa, piscina i zona chill out.<\/p>\n<p>Mas Rosset tamb\u00e9 ofereix una s\u00e8rie de serveis addicionals i opcionals que l\u2019ajudaran a gaudir dels seus dies de descans:<\/p>\n<p>&#8211; Servei de xef.<\/p>\n<p>&#8211; Recepci\u00f3 i benvinguda a l\u2019aeroport.<\/p>\n<p>&#8211; Proveir nevera i rebost.<\/p>\n<p>&#8211; Servei de massatge.<\/p>\n<p>&nbsp;<\/p>\n<div style=\"text-align: center;\"><span id=\"button-pop-upCA\" style=\"text-align: center;\">ESPECIFICACIONS<\/span><\/div>\n<p>&nbsp;<\/p>\n<\/div>\n<p>[\/vc_column_text][\/vc_column][\/vc_row][vc_row][vc_column offset=&#8221;vc_hidden-lg vc_hidden-md vc_hidden-sm&#8221; el_class=&#8221;vc_tta-o-non-responsive&#8221;][vc_column_text]<\/p>\n<p style=\"color: #ecc364; font-size: 20px;\"><strong>Habitacions<\/strong><\/p>\n<p style=\"text-align: justify;\">Mas Rosset \u00e9s ideal per allotjar grups de fins a 20 persones amb total comoditat, en 8 habitacions dobles amb bany privat. A m\u00e9s de confortables espais comuns i una \u00e0mplia zona exterior enjardinada equipada amb el necessari per gaudir d\u2019una estada \u00fanica i agradable.<\/p>\n<p style=\"color: #ecc364; font-size: 20px;\"><strong>Especificacions<\/strong><\/p>\n<p>Mida del llit: King size (1 llit de 180&#215;200 cm o 2 llits de 90&#215;200 cm)<br \/>\nCalefacci\u00f3<br \/>\nAire\u00a0condicionat<br \/>\nSmart TV<br \/>\nButaca<br \/>\nCaixa forta<br \/>\nBanyera d\u2019hidromassatge<br \/>\nLavabo<br \/>\nAssecador de cabell<br \/>\nMirall d\u2019augment<br \/>\nRadiador tovalloler<br \/>\nPaquet de benvinguda<br \/>\n<strong>Suite Crisantem:<\/strong>\u00a0Adaptada a persones amb mobilitat redu\u00efda (planta baixa).<\/p>\n<p style=\"color: #ecc364; font-size: 20px;\"><strong>Serveis addicionals<\/strong><b>\u00a0<\/b><\/p>\n<p>Mas Rosset est\u00e0 totalment equipat i moblat al m\u00e9s alt nivell per tal de fer la seva estada una experi\u00e8ncia inoblidable.Les instal\u00b7lacions inclouen fibra \u00f2ptica, Wi-Fi, Smart TV i sistema musical via r\u00e0dio i Bluetooth independent per a les zones comunes, barbacoa, piscina i zona chill out.<\/p>\n<p>Mas Rosset tamb\u00e9 ofereix una s\u00e8rie de serveis addicionals i opcionals que l\u2019ajudaran a gaudir dels seus dies de descans:<\/p>\n<p>&#8211; Servei de xef.<\/p>\n<p>&#8211; Recepci\u00f3 i benvinguda a l\u2019aeroport.<\/p>\n<p>&#8211; Proveir nevera i rebost.<\/p>\n<p>&#8211; Servei de massatge.<\/p>\n<div style=\"text-align: center;\"><span id=\"button-pop-upCA\" style=\"text-align: center;\">ESPECIFICACIONS<\/span><\/div>\n<p>[\/vc_column_text][\/vc_column][\/vc_row][vc_row][vc_column offset=&#8221;vc_hidden-lg vc_hidden-md vc_hidden-xs&#8221; el_class=&#8221;vc_tta-o-non-responsive&#8221;][vc_column_text]<\/p>\n<p style=\"color: #ecc364; font-size: 20px;\"><strong>Habitacions<\/strong><\/p>\n<p style=\"text-align: justify;\">Mas Rosset \u00e9s ideal per allotjar grups de fins a 20 persones amb total comoditat, en 8 habitacions dobles amb bany privat. A m\u00e9s de confortables espais comuns i una \u00e0mplia zona exterior enjardinada equipada amb el necessari per gaudir d\u2019una estada \u00fanica i agradable.<\/p>\n<p style=\"color: #ecc364; font-size: 20px;\"><strong>Especificacions<\/strong><\/p>\n<p>Mida del llit: King size (1 llit de 180&#215;200 cm o 2 llits de 90&#215;200 cm)<br \/>\nCalefacci\u00f3<br \/>\nAire\u00a0condicionat<br \/>\nSmart TV<br \/>\nButaca<br \/>\nCaixa forta<br \/>\nBanyera d\u2019hidromassatge<br \/>\nLavabo<br \/>\nAssecador de cabell<br \/>\nMirall d\u2019augment<br \/>\nRadiador tovalloler<br \/>\nPaquet de benvinguda<br \/>\n<strong>Suite Crisantem:<\/strong>\u00a0Adaptada a persones amb mobilitat redu\u00efda (planta baixa).<\/p>\n<p style=\"color: #ecc364; font-size: 20px;\"><strong>Serveis addicionals<\/strong><b>\u00a0<\/b><\/p>\n<p>Mas Rosset est\u00e0 totalment equipat i moblat al m\u00e9s alt nivell per tal de fer la seva estada una experi\u00e8ncia inoblidable.Les instal\u00b7lacions inclouen fibra \u00f2ptica, Wi-Fi, Smart TV i sistema musical via r\u00e0dio i Bluetooth independent per a les zones comunes, barbacoa, piscina i zona chill out.<\/p>\n<p>Mas Rosset tamb\u00e9 ofereix una s\u00e8rie de serveis addicionals i opcionals que l\u2019ajudaran a gaudir dels seus dies de descans:<\/p>\n<p>&#8211; Servei de xef.<\/p>\n<p>&#8211; Recepci\u00f3 i benvinguda a l\u2019aeroport.<\/p>\n<p>&#8211; Proveir nevera i rebost.<\/p>\n<p>&#8211; Servei de massatge.<\/p>\n<div style=\"text-align: center;\"><span id=\"button-pop-upCA\" style=\"text-align: center;\">ESPECIFICACIONS<\/span><\/div>\n<p>[\/vc_column_text][\/vc_column][\/vc_row]<\/p>\n<\/div>","protected":false},"excerpt":{"rendered":"<p>[vc_row][vc_column][rev_slider_vc alias=&#8221;habitaciones&#8221;][\/vc_column][\/vc_row][vc_row][vc_column offset=&#8221;vc_hidden-sm vc_hidden-xs&#8221;][vc_column_text] Habitacions Mas Rosset \u00e9s ideal per allotjar grups de fins a 20 persones amb total comoditat, en 8 habitacions dobles amb bany privat. A m\u00e9s de confortables espais comuns i una \u00e0mplia zona exterior enjardinada equipada amb el necessari per gaudir d\u2019una estada \u00fanica i agradable. &nbsp; Especificacions Mida del llit: [&hellip;]<\/p>\n","protected":false},"author":1,"featured_media":0,"parent":0,"menu_order":0,"comment_status":"closed","ping_status":"closed","template":"page-templates\/template-fullwidth.php","meta":{"footnotes":""},"class_list":["post-2381","page","type-page","status-publish","hentry"],"yoast_head":"<!-- This site is optimized with the Yoast SEO plugin v26.4 - https:\/\/yoast.com\/wordpress\/plugins\/seo\/ -->\n<title>Habitacions - Mas Rosset<\/title>\n<meta name=\"robots\" content=\"index, follow, max-snippet:-1, max-image-preview:large, max-video-preview:-1\" \/>\n<link rel=\"canonical\" href=\"https:\/\/www.masrosset.com\/ca\/habitacions\/\" \/>\n<meta property=\"og:locale\" content=\"ca_ES\" \/>\n<meta property=\"og:type\" content=\"article\" \/>\n<meta property=\"og:title\" content=\"Habitacions - Mas Rosset\" \/>\n<meta property=\"og:description\" content=\"[vc_row][vc_column][rev_slider_vc alias=&#8221;habitaciones&#8221;][\/vc_column][\/vc_row][vc_row][vc_column offset=&#8221;vc_hidden-sm vc_hidden-xs&#8221;][vc_column_text] Habitacions Mas Rosset \u00e9s ideal per allotjar grups de fins a 20 persones amb total comoditat, en 8 habitacions dobles amb bany privat. A m\u00e9s de confortables espais comuns i una \u00e0mplia zona exterior enjardinada equipada amb el necessari per gaudir d\u2019una estada \u00fanica i agradable. &nbsp; Especificacions Mida del llit: [&hellip;]\" \/>\n<meta property=\"og:url\" content=\"https:\/\/www.masrosset.com\/ca\/habitacions\/\" \/>\n<meta property=\"og:site_name\" content=\"Mas Rosset\" \/>\n<meta property=\"article:modified_time\" content=\"2023-05-16T16:05:14+00:00\" \/>\n<meta name=\"twitter:card\" content=\"summary_large_image\" \/>\n<meta name=\"twitter:label1\" content=\"Temps estimat de lectura\" \/>\n\t<meta name=\"twitter:data1\" content=\"3 minuts\" \/>\n<script type=\"application\/ld+json\" class=\"yoast-schema-graph\">{\"@context\":\"https:\/\/schema.org\",\"@graph\":[{\"@type\":\"WebPage\",\"@id\":\"https:\/\/www.masrosset.com\/ca\/habitacions\/\",\"url\":\"https:\/\/www.masrosset.com\/ca\/habitacions\/\",\"name\":\"Habitacions - Mas Rosset\",\"isPartOf\":{\"@id\":\"https:\/\/www.masrosset.com\/#website\"},\"datePublished\":\"2017-09-13T14:10:00+00:00\",\"dateModified\":\"2023-05-16T16:05:14+00:00\",\"breadcrumb\":{\"@id\":\"https:\/\/www.masrosset.com\/ca\/habitacions\/#breadcrumb\"},\"inLanguage\":\"ca\",\"potentialAction\":[{\"@type\":\"ReadAction\",\"target\":[\"https:\/\/www.masrosset.com\/ca\/habitacions\/\"]}]},{\"@type\":\"BreadcrumbList\",\"@id\":\"https:\/\/www.masrosset.com\/ca\/habitacions\/#breadcrumb\",\"itemListElement\":[{\"@type\":\"ListItem\",\"position\":1,\"name\":\"Home\",\"item\":\"https:\/\/www.masrosset.com\/ca\/\"},{\"@type\":\"ListItem\",\"position\":2,\"name\":\"Habitacions\"}]},{\"@type\":\"WebSite\",\"@id\":\"https:\/\/www.masrosset.com\/#website\",\"url\":\"https:\/\/www.masrosset.com\/\",\"name\":\"Mas Rosset\",\"description\":\"Lloga luxosa masia r\u00fastica rural a la Costa Brava, Girona\",\"potentialAction\":[{\"@type\":\"SearchAction\",\"target\":{\"@type\":\"EntryPoint\",\"urlTemplate\":\"https:\/\/www.masrosset.com\/?s={search_term_string}\"},\"query-input\":{\"@type\":\"PropertyValueSpecification\",\"valueRequired\":true,\"valueName\":\"search_term_string\"}}],\"inLanguage\":\"ca\"}]}<\/script>\n<!-- \/ Yoast SEO plugin. -->","yoast_head_json":{"title":"Habitacions - Mas Rosset","robots":{"index":"index","follow":"follow","max-snippet":"max-snippet:-1","max-image-preview":"max-image-preview:large","max-video-preview":"max-video-preview:-1"},"canonical":"https:\/\/www.masrosset.com\/ca\/habitacions\/","og_locale":"ca_ES","og_type":"article","og_title":"Habitacions - Mas Rosset","og_description":"[vc_row][vc_column][rev_slider_vc alias=&#8221;habitaciones&#8221;][\/vc_column][\/vc_row][vc_row][vc_column offset=&#8221;vc_hidden-sm vc_hidden-xs&#8221;][vc_column_text] Habitacions Mas Rosset \u00e9s ideal per allotjar grups de fins a 20 persones amb total comoditat, en 8 habitacions dobles amb bany privat. A m\u00e9s de confortables espais comuns i una \u00e0mplia zona exterior enjardinada equipada amb el necessari per gaudir d\u2019una estada \u00fanica i agradable. &nbsp; Especificacions Mida del llit: [&hellip;]","og_url":"https:\/\/www.masrosset.com\/ca\/habitacions\/","og_site_name":"Mas Rosset","article_modified_time":"2023-05-16T16:05:14+00:00","twitter_card":"summary_large_image","twitter_misc":{"Temps estimat de lectura":"3 minuts"},"schema":{"@context":"https:\/\/schema.org","@graph":[{"@type":"WebPage","@id":"https:\/\/www.masrosset.com\/ca\/habitacions\/","url":"https:\/\/www.masrosset.com\/ca\/habitacions\/","name":"Habitacions - Mas Rosset","isPartOf":{"@id":"https:\/\/www.masrosset.com\/#website"},"datePublished":"2017-09-13T14:10:00+00:00","dateModified":"2023-05-16T16:05:14+00:00","breadcrumb":{"@id":"https:\/\/www.masrosset.com\/ca\/habitacions\/#breadcrumb"},"inLanguage":"ca","potentialAction":[{"@type":"ReadAction","target":["https:\/\/www.masrosset.com\/ca\/habitacions\/"]}]},{"@type":"BreadcrumbList","@id":"https:\/\/www.masrosset.com\/ca\/habitacions\/#breadcrumb","itemListElement":[{"@type":"ListItem","position":1,"name":"Home","item":"https:\/\/www.masrosset.com\/ca\/"},{"@type":"ListItem","position":2,"name":"Habitacions"}]},{"@type":"WebSite","@id":"https:\/\/www.masrosset.com\/#website","url":"https:\/\/www.masrosset.com\/","name":"Mas Rosset","description":"Lloga luxosa masia r\u00fastica rural a la Costa Brava, Girona","potentialAction":[{"@type":"SearchAction","target":{"@type":"EntryPoint","urlTemplate":"https:\/\/www.masrosset.com\/?s={search_term_string}"},"query-input":{"@type":"PropertyValueSpecification","valueRequired":true,"valueName":"search_term_string"}}],"inLanguage":"ca"}]}},"_links":{"self":[{"href":"https:\/\/www.masrosset.com\/ca\/wp-json\/wp\/v2\/pages\/2381","targetHints":{"allow":["GET"]}}],"collection":[{"href":"https:\/\/www.masrosset.com\/ca\/wp-json\/wp\/v2\/pages"}],"about":[{"href":"https:\/\/www.masrosset.com\/ca\/wp-json\/wp\/v2\/types\/page"}],"author":[{"embeddable":true,"href":"https:\/\/www.masrosset.com\/ca\/wp-json\/wp\/v2\/users\/1"}],"replies":[{"embeddable":true,"href":"https:\/\/www.masrosset.com\/ca\/wp-json\/wp\/v2\/comments?post=2381"}],"version-history":[{"count":15,"href":"https:\/\/www.masrosset.com\/ca\/wp-json\/wp\/v2\/pages\/2381\/revisions"}],"predecessor-version":[{"id":4741,"href":"https:\/\/www.masrosset.com\/ca\/wp-json\/wp\/v2\/pages\/2381\/revisions\/4741"}],"wp:attachment":[{"href":"https:\/\/www.masrosset.com\/ca\/wp-json\/wp\/v2\/media?parent=2381"}],"curies":[{"name":"wp","href":"https:\/\/api.w.org\/{rel}","templated":true}]}}